{"id":126357,"date":"2018-11-18T10:28:14","date_gmt":"2018-11-18T18:28:14","guid":{"rendered":"https:\/\/youcubed2stg.wpengine.com\/dispelling-myths-about-mathematics\/"},"modified":"2020-08-04T09:38:23","modified_gmt":"2020-08-04T16:38:23","slug":"derrubando-mitos-sobre-a-matematica","status":"publish","type":"page","link":"https:\/\/www.youcubed.org\/pt-br\/derrubando-mitos-sobre-a-matematica\/","title":{"rendered":"Derrubando Mitos sobre a Matem\u00e1tica"},"content":{"rendered":"<h2><span style=\"color: #000080\"><b>Edi\u00e7\u00e3o Especial de Ci\u00eancias da Educa\u00e7\u00e3o com a Editora Convidada e Professora Jo Boaler<\/b><\/span><\/h2>\n<p>&nbsp;<\/p>\n<p><a href=\"https:\/\/www.mdpi.com\/journal\/education\/special_issues\/Dispelling_Myths_about_Mathematics\"><img loading=\"lazy\" decoding=\"async\" class=\"alignnone wp-image-114216 size-medium\" src=\"https:\/\/www.youcubed.org\/wp-content\/uploads\/2018\/07\/Education-Sciences-Logo-300x80.png\" alt=\"\" width=\"300\" height=\"80\" srcset=\"https:\/\/www.youcubed.org\/wp-content\/uploads\/2018\/07\/Education-Sciences-Logo-300x80.png 300w, https:\/\/www.youcubed.org\/wp-content\/uploads\/2018\/07\/Education-Sciences-Logo.png 525w\" sizes=\"auto, (max-width: 300px) 100vw, 300px\" \/><\/a><\/p>\n<section id=\"bb-\" class=\"building-block bb-basic-text\">\n<div class=\"body block\">\n<p><span style=\"font-weight: 400\">O aprendizado de muitos estudantes \u00e9 prejudicado por ideias equivocadas sobre a matem\u00e1tica ou sua aprendizagem. Esta Edi\u00e7\u00e3o Especial traz v\u00e1rios artigos que confrontam alguns dos diferentes &#8220;mitos&#8221; que restringem as oportunidades de aprendizado, propondo maneiras de elimin\u00e1-los da equa\u00e7\u00e3o de aprendizado e libertar os estudantes. Alguns dos mitos abordados \u00e9 a ideia de que apenas alguns alunos podem aprender matem\u00e1tica de alto n\u00edvel \u2013 v\u00e1rios artigos confrontam esse conceito inadequado e oferecem evid\u00eancias de mudan\u00e7a ap\u00f3s sua elimina\u00e7\u00e3o. Outros artigos confrontam a ideia de que, para ser bom em matem\u00e1tica, voc\u00ea precisa calcular r\u00e1pido, ou que a matem\u00e1tica \u00e9 um conjunto de procedimentos desconectados que precisam ser memorizados, ou que \u201cconversas paralelas\u201d entre os alunos obstruem o aprendizado. Outros analisam a verdadeira natureza da matem\u00e1tica, e a diferen\u00e7a entre a matem\u00e1tica como disciplina e a matem\u00e1tica ensinada nas escolas. A Edi\u00e7\u00e3o Especial apresenta artigos de pesquisa, cr\u00edticas de estudos de pesquisa, relat\u00f3rios t\u00e9cnicos, e artigos conceituais. Seu objetivo \u00e9 conceitualizar e ressaltar os mitos que atrapalham a aprendizagem matem\u00e1tica, bem como destacar interven\u00e7\u00f5es e pesquisas com professores e alunos que s\u00e3o libertadores para os estudantes e seu aprendizado.<\/span><\/p>\n<p>Jo Boaler<\/p>\n<p>Editora Convidada<\/p>\n<\/div>\n<\/section>\n","protected":false},"excerpt":{"rendered":"<p>Edi\u00e7\u00e3o Especial de Ci\u00eancias da Educa\u00e7\u00e3o com a Editora Convidada e Professora Jo Boaler &nbsp; O aprendizado de muitos estudantes \u00e9 prejudicado por ideias equivocadas sobre a matem\u00e1tica ou sua [&hellip;]<\/p>\n","protected":false},"author":4,"featured_media":0,"parent":0,"menu_order":0,"comment_status":"closed","ping_status":"closed","template":"","meta":{"_acf_changed":false,"_bbp_topic_count":0,"_bbp_reply_count":0,"_bbp_total_topic_count":0,"_bbp_total_reply_count":0,"_bbp_voice_count":0,"_bbp_anonymous_reply_count":0,"_bbp_topic_count_hidden":0,"_bbp_reply_count_hidden":0,"_bbp_forum_subforum_count":0,"footnotes":"","_links_to":"","_links_to_target":""},"class_list":["post-126357","page","type-page","status-publish","hentry"],"featured_image":null,"acf":[],"yoast_head":"<!-- This site is optimized with the Yoast SEO Premium plugin v15.8.2 - https:\/\/yoast.com\/wordpress\/plugins\/seo\/ -->\n<meta name=\"robots\" content=\"index, follow, max-snippet:-1, max-image-preview:large, max-video-preview:-1\" \/>\n<link rel=\"canonical\" href=\"https:\/\/www.youcubed.org\/pt-br\/derrubando-mitos-sobre-a-matematica\/\" \/>\n<meta property=\"og:locale\" content=\"pt_BR\" \/>\n<meta property=\"og:type\" content=\"article\" \/>\n<meta property=\"og:title\" content=\"Derrubando Mitos sobre a Matem\u00e1tica - YouCubed\" \/>\n<meta property=\"og:description\" content=\"Edi\u00e7\u00e3o Especial de Ci\u00eancias da Educa\u00e7\u00e3o com a Editora Convidada e Professora Jo Boaler &nbsp; O aprendizado de muitos estudantes \u00e9 prejudicado por ideias equivocadas sobre a matem\u00e1tica ou sua [&hellip;]\" \/>\n<meta property=\"og:url\" content=\"https:\/\/www.youcubed.org\/pt-br\/derrubando-mitos-sobre-a-matematica\/\" \/>\n<meta property=\"og:site_name\" content=\"YouCubed\" \/>\n<meta property=\"article:modified_time\" content=\"2020-08-04T16:38:23+00:00\" \/>\n<meta property=\"og:image\" content=\"https:\/\/www.youcubed.org\/wp-content\/uploads\/2018\/07\/Education-Sciences-Logo-300x80.png\" \/>\n<meta name=\"twitter:card\" content=\"summary_large_image\" \/>\n<meta name=\"twitter:label1\" content=\"Est. tempo de leitura\">\n\t<meta name=\"twitter:data1\" content=\"1 minuto\">\n<script type=\"application\/ld+json\" class=\"yoast-schema-graph\">{\"@context\":\"https:\/\/schema.org\",\"@graph\":[{\"@type\":\"WebSite\",\"@id\":\"https:\/\/www.youcubed.org\/pt-br\/#website\",\"url\":\"https:\/\/www.youcubed.org\/pt-br\/\",\"name\":\"YouCubed\",\"description\":\"Inspire ALL Students with Open, Creative Mindset Mathematics\",\"potentialAction\":[{\"@type\":\"SearchAction\",\"target\":\"https:\/\/www.youcubed.org\/pt-br\/?s={search_term_string}\",\"query-input\":\"required name=search_term_string\"}],\"inLanguage\":\"pt-BR\"},{\"@type\":\"ImageObject\",\"@id\":\"https:\/\/www.youcubed.org\/pt-br\/derrubando-mitos-sobre-a-matematica\/#primaryimage\",\"inLanguage\":\"pt-BR\",\"url\":\"https:\/\/www.youcubed.org\/wp-content\/uploads\/2018\/07\/Education-Sciences-Logo.png\",\"width\":525,\"height\":140},{\"@type\":\"WebPage\",\"@id\":\"https:\/\/www.youcubed.org\/pt-br\/derrubando-mitos-sobre-a-matematica\/#webpage\",\"url\":\"https:\/\/www.youcubed.org\/pt-br\/derrubando-mitos-sobre-a-matematica\/\",\"name\":\"Derrubando Mitos sobre a Matem\\u00e1tica - YouCubed\",\"isPartOf\":{\"@id\":\"https:\/\/www.youcubed.org\/pt-br\/#website\"},\"primaryImageOfPage\":{\"@id\":\"https:\/\/www.youcubed.org\/pt-br\/derrubando-mitos-sobre-a-matematica\/#primaryimage\"},\"datePublished\":\"2018-11-18T18:28:14+00:00\",\"dateModified\":\"2020-08-04T16:38:23+00:00\",\"breadcrumb\":{\"@id\":\"https:\/\/www.youcubed.org\/pt-br\/derrubando-mitos-sobre-a-matematica\/#breadcrumb\"},\"inLanguage\":\"pt-BR\",\"potentialAction\":[{\"@type\":\"ReadAction\",\"target\":[\"https:\/\/www.youcubed.org\/pt-br\/derrubando-mitos-sobre-a-matematica\/\"]}]},{\"@type\":\"BreadcrumbList\",\"@id\":\"https:\/\/www.youcubed.org\/pt-br\/derrubando-mitos-sobre-a-matematica\/#breadcrumb\",\"itemListElement\":[{\"@type\":\"ListItem\",\"position\":1,\"item\":{\"@type\":\"WebPage\",\"@id\":\"https:\/\/www.youcubed.org\/pt-br\/\",\"url\":\"https:\/\/www.youcubed.org\/pt-br\/\",\"name\":\"Home\"}},{\"@type\":\"ListItem\",\"position\":2,\"item\":{\"@type\":\"WebPage\",\"@id\":\"https:\/\/www.youcubed.org\/pt-br\/derrubando-mitos-sobre-a-matematica\/\",\"url\":\"https:\/\/www.youcubed.org\/pt-br\/derrubando-mitos-sobre-a-matematica\/\",\"name\":\"Derrubando Mitos sobre a Matem\\u00e1tica\"}}]}]}<\/script>\n<!-- \/ Yoast SEO Premium plugin. -->","_links":{"self":[{"href":"https:\/\/www.youcubed.org\/pt-br\/wp-json\/wp\/v2\/pages\/126357","targetHints":{"allow":["GET"]}}],"collection":[{"href":"https:\/\/www.youcubed.org\/pt-br\/wp-json\/wp\/v2\/pages"}],"about":[{"href":"https:\/\/www.youcubed.org\/pt-br\/wp-json\/wp\/v2\/types\/page"}],"author":[{"embeddable":true,"href":"https:\/\/www.youcubed.org\/pt-br\/wp-json\/wp\/v2\/users\/4"}],"replies":[{"embeddable":true,"href":"https:\/\/www.youcubed.org\/pt-br\/wp-json\/wp\/v2\/comments?post=126357"}],"version-history":[{"count":0,"href":"https:\/\/www.youcubed.org\/pt-br\/wp-json\/wp\/v2\/pages\/126357\/revisions"}],"wp:attachment":[{"href":"https:\/\/www.youcubed.org\/pt-br\/wp-json\/wp\/v2\/media?parent=126357"}],"curies":[{"name":"wp","href":"https:\/\/api.w.org\/{rel}","templated":true}]}}