{"id":126048,"date":"2018-04-18T13:55:30","date_gmt":"2018-04-18T20:55:30","guid":{"rendered":"https:\/\/youcubed2stg.wpengine.com\/mathematical-mindset-teaching-guide-teaching-video-and-additional-resources\/"},"modified":"2020-07-02T12:47:16","modified_gmt":"2020-07-02T19:47:16","slug":"guia-de-ensino-das-mentalidades-matematicas-video-de-aula-e-outros-recursos","status":"publish","type":"page","link":"https:\/\/www.youcubed.org\/pt-br\/guia-de-ensino-das-mentalidades-matematicas-video-de-aula-e-outros-recursos\/","title":{"rendered":"Guia de Ensino das Mentalidades Matem\u00e1ticas, V\u00eddeo de Aula e Outros Recursos"},"content":{"rendered":"<p><span style=\"font-weight: 400\">Elaboramos um Guia de Mentalidades Matem\u00e1ticas para ajudar professores a criar ou fortalecer a cultura da mentalidade de crescimento. Este guia cont\u00e9m cinco &#8220;Pr\u00e1ticas de Mentalidades Matem\u00e1ticas&#8221;, juntamente com links para v\u00eddeos em sala de aula. Todos eles mostram Jo e Cathy ensinando estudantes das s\u00e9ries finais do ensino fundamental. Cada pr\u00e1tica cont\u00e9m a descri\u00e7\u00e3o de diferentes est\u00e1gios, o que auxilia a compreens\u00e3o da jornada de uma sala de aula de mentalidade matem\u00e1tica e as evid\u00eancias que os professores podem reunir ao longo do caminho, seja para autorreflex\u00e3o ou discuss\u00e3o com colegas. O guia foi concebido para ser usado pelos professores durante o processo de autorreflex\u00e3o, ou para formadores e administradores que queiram fomentar uma cultura de ensino das mentalidades. Na vers\u00e3o interativa do guia nesta p\u00e1gina, voc\u00ea pode clicar nos \u00edcones de seta nos descritores &#8220;Expandindo&#8221; para ver um pequeno trecho das aulas de Jo\/Cathy no modo como foi descrito.<\/span><\/p>\n<p><span style=\"font-weight: 400\">Nosso objetivo com este guia \u00e9 oferecer apoio \u00e0 jornada de aprendizagem e crescimento das mentalidade matem\u00e1tica. Os professores podem trabalhar com o guia individualmente ou colaborativamente, com outras pessoas. Este material pretende, em sua natureza, ser iterativo e n\u00e3o ser usado para julgar ou avaliar. Durante seu uso, leve em considera\u00e7\u00e3o a comunidade de sala de aula como um todo, e n\u00e3o apenas o professor. \u00c9 tamb\u00e9m importante frisar que, embora o objetivo do guia seja explicitar todos os aspectos de uma sala de aula de mentalidades matem\u00e1ticas, nem sempre \u00e9 poss\u00edvel encontrar evid\u00eancias de todas as pr\u00e1ticas numa aula s\u00f3.\u00a0 N\u00f3s incentivamos professores, formadores e administradores a usar este guia, e nossas sugest\u00f5es de reflex\u00e3o, de forma iterativa ao longo de aulas variadas.\u00a0<\/span><\/p>\n<p><span style=\"font-weight: 400\">Voc\u00ea pode baixar o guia <\/span><a href=\"https:\/\/www.youcubed.org\/pt-br\/downloadable\/guia-de-ensino-das-mentalidades-matematicas\/\"><span style=\"font-weight: 400\">aqui<\/span><\/a><span style=\"font-weight: 400\">. N\u00f3s tamb\u00e9m criamos um documento com <a href=\"https:\/\/www.youcubed.org\/wp-content\/uploads\/2018\/04\/Mathematical-Mindset-Teaching-Guilde-User-Advice.pdf\">o<\/a><\/span><a href=\"https:\/\/www.youcubed.org\/pt-br\/downloadable\/guia-de-ensino-de-mentalidades-matematicas-orientacoes-ao-usuario\/\"><span style=\"font-weight: 400\">r<\/span><span style=\"font-weight: 400\">ienta\u00e7\u00f5es sobre como us\u00e1-lo<\/span><\/a><span style=\"font-weight: 400\"> e um exemplo de um di\u00e1rio<\/span><a href=\"https:\/\/www.youcubed.org\/downloadable\/example-teacher-journal\/\"><span style=\"font-weight: 400\"> do professor (em ingl\u00eas)<\/span><\/a><span style=\"font-weight: 400\">. Gostar\u00edamos de agradecer \u00e0 Secretaria de Educa\u00e7\u00e3o do Condado de Tulare pela ajuda no desenvolvimento do guia.<\/span><\/p>\n<p><span style=\"font-weight: 400\">Abaixo, na vers\u00e3o interativa do guia, voc\u00ea pode clicar nos \u00edcones de seta nos descritores &#8220;Expandindo&#8221; para ver um pequeno v\u00eddeo de Jo\/Cathy ensinando a estudantes das s\u00e9ries finais do ensino fundamental.<\/span><\/p>\n","protected":false},"excerpt":{"rendered":"<p>Elaboramos um Guia de Mentalidades Matem\u00e1ticas para ajudar professores a criar ou fortalecer a cultura da mentalidade de crescimento. Este guia cont\u00e9m cinco &#8220;Pr\u00e1ticas de Mentalidades Matem\u00e1ticas&#8221;, juntamente com links [&hellip;]<\/p>\n","protected":false},"author":2,"featured_media":0,"parent":0,"menu_order":0,"comment_status":"closed","ping_status":"closed","template":"","meta":{"_acf_changed":false,"_bbp_topic_count":0,"_bbp_reply_count":0,"_bbp_total_topic_count":0,"_bbp_total_reply_count":0,"_bbp_voice_count":0,"_bbp_anonymous_reply_count":0,"_bbp_topic_count_hidden":0,"_bbp_reply_count_hidden":0,"_bbp_forum_subforum_count":0,"footnotes":"","_links_to":"","_links_to_target":""},"class_list":["post-126048","page","type-page","status-publish","hentry"],"featured_image":null,"acf":[],"yoast_head":"<!-- This site is optimized with the Yoast SEO Premium plugin v15.8.2 - https:\/\/yoast.com\/wordpress\/plugins\/seo\/ -->\n<meta name=\"robots\" content=\"index, follow, max-snippet:-1, max-image-preview:large, max-video-preview:-1\" \/>\n<link rel=\"canonical\" href=\"https:\/\/www.youcubed.org\/pt-br\/guia-de-ensino-das-mentalidades-matematicas-video-de-aula-e-outros-recursos\/\" \/>\n<meta property=\"og:locale\" content=\"pt_BR\" \/>\n<meta property=\"og:type\" content=\"article\" \/>\n<meta property=\"og:title\" content=\"Guia de Ensino das Mentalidades Matem\u00e1ticas, V\u00eddeo de Aula e Outros Recursos - YouCubed\" \/>\n<meta property=\"og:description\" content=\"Elaboramos um Guia de Mentalidades Matem\u00e1ticas para ajudar professores a criar ou fortalecer a cultura da mentalidade de crescimento. Este guia cont\u00e9m cinco &#8220;Pr\u00e1ticas de Mentalidades Matem\u00e1ticas&#8221;, juntamente com links [&hellip;]\" \/>\n<meta property=\"og:url\" content=\"https:\/\/www.youcubed.org\/pt-br\/guia-de-ensino-das-mentalidades-matematicas-video-de-aula-e-outros-recursos\/\" \/>\n<meta property=\"og:site_name\" content=\"YouCubed\" \/>\n<meta property=\"article:modified_time\" content=\"2020-07-02T19:47:16+00:00\" \/>\n<meta property=\"og:image\" content=\"https:\/\/www.youcubed.org\/wp-content\/uploads\/2018\/08\/youcubed-logo-with-TM-Computer-Courage.png\" \/>\n\t<meta property=\"og:image:width\" content=\"936\" \/>\n\t<meta property=\"og:image:height\" content=\"243\" \/>\n<meta name=\"twitter:card\" content=\"summary_large_image\" \/>\n<meta name=\"twitter:label1\" content=\"Est. tempo de leitura\">\n\t<meta name=\"twitter:data1\" content=\"2 minutos\">\n<script type=\"application\/ld+json\" class=\"yoast-schema-graph\">{\"@context\":\"https:\/\/schema.org\",\"@graph\":[{\"@type\":\"WebSite\",\"@id\":\"https:\/\/www.youcubed.org\/pt-br\/#website\",\"url\":\"https:\/\/www.youcubed.org\/pt-br\/\",\"name\":\"YouCubed\",\"description\":\"Inspire ALL Students with Open, Creative Mindset Mathematics\",\"potentialAction\":[{\"@type\":\"SearchAction\",\"target\":\"https:\/\/www.youcubed.org\/pt-br\/?s={search_term_string}\",\"query-input\":\"required name=search_term_string\"}],\"inLanguage\":\"pt-BR\"},{\"@type\":\"WebPage\",\"@id\":\"https:\/\/www.youcubed.org\/pt-br\/guia-de-ensino-das-mentalidades-matematicas-video-de-aula-e-outros-recursos\/#webpage\",\"url\":\"https:\/\/www.youcubed.org\/pt-br\/guia-de-ensino-das-mentalidades-matematicas-video-de-aula-e-outros-recursos\/\",\"name\":\"Guia de Ensino das Mentalidades Matem\\u00e1ticas, V\\u00eddeo de Aula e Outros Recursos - YouCubed\",\"isPartOf\":{\"@id\":\"https:\/\/www.youcubed.org\/pt-br\/#website\"},\"datePublished\":\"2018-04-18T20:55:30+00:00\",\"dateModified\":\"2020-07-02T19:47:16+00:00\",\"breadcrumb\":{\"@id\":\"https:\/\/www.youcubed.org\/pt-br\/guia-de-ensino-das-mentalidades-matematicas-video-de-aula-e-outros-recursos\/#breadcrumb\"},\"inLanguage\":\"pt-BR\",\"potentialAction\":[{\"@type\":\"ReadAction\",\"target\":[\"https:\/\/www.youcubed.org\/pt-br\/guia-de-ensino-das-mentalidades-matematicas-video-de-aula-e-outros-recursos\/\"]}]},{\"@type\":\"BreadcrumbList\",\"@id\":\"https:\/\/www.youcubed.org\/pt-br\/guia-de-ensino-das-mentalidades-matematicas-video-de-aula-e-outros-recursos\/#breadcrumb\",\"itemListElement\":[{\"@type\":\"ListItem\",\"position\":1,\"item\":{\"@type\":\"WebPage\",\"@id\":\"https:\/\/www.youcubed.org\/pt-br\/\",\"url\":\"https:\/\/www.youcubed.org\/pt-br\/\",\"name\":\"Home\"}},{\"@type\":\"ListItem\",\"position\":2,\"item\":{\"@type\":\"WebPage\",\"@id\":\"https:\/\/www.youcubed.org\/pt-br\/guia-de-ensino-das-mentalidades-matematicas-video-de-aula-e-outros-recursos\/\",\"url\":\"https:\/\/www.youcubed.org\/pt-br\/guia-de-ensino-das-mentalidades-matematicas-video-de-aula-e-outros-recursos\/\",\"name\":\"Guia de Ensino das Mentalidades Matem\\u00e1ticas, V\\u00eddeo de Aula e Outros Recursos\"}}]}]}<\/script>\n<!-- \/ Yoast SEO Premium plugin. -->","_links":{"self":[{"href":"https:\/\/www.youcubed.org\/pt-br\/wp-json\/wp\/v2\/pages\/126048","targetHints":{"allow":["GET"]}}],"collection":[{"href":"https:\/\/www.youcubed.org\/pt-br\/wp-json\/wp\/v2\/pages"}],"about":[{"href":"https:\/\/www.youcubed.org\/pt-br\/wp-json\/wp\/v2\/types\/page"}],"author":[{"embeddable":true,"href":"https:\/\/www.youcubed.org\/pt-br\/wp-json\/wp\/v2\/users\/2"}],"replies":[{"embeddable":true,"href":"https:\/\/www.youcubed.org\/pt-br\/wp-json\/wp\/v2\/comments?post=126048"}],"version-history":[{"count":0,"href":"https:\/\/www.youcubed.org\/pt-br\/wp-json\/wp\/v2\/pages\/126048\/revisions"}],"wp:attachment":[{"href":"https:\/\/www.youcubed.org\/pt-br\/wp-json\/wp\/v2\/media?parent=126048"}],"curies":[{"name":"wp","href":"https:\/\/api.w.org\/{rel}","templated":true}]}}