{"id":124718,"date":"2019-04-12T14:03:57","date_gmt":"2019-04-12T21:03:57","guid":{"rendered":"https:\/\/youcubed2stg.wpengine.com\/neuroscience-education-article\/"},"modified":"2020-05-27T13:47:58","modified_gmt":"2020-05-27T20:47:58","slug":"artigos-sobre-neurociencia-e-educacao","status":"publish","type":"page","link":"https:\/\/www.youcubed.org\/pt-br\/artigos-sobre-neurociencia-e-educacao\/","title":{"rendered":"Artigos sobre Neuroci\u00eancia e Educa\u00e7\u00e3o"},"content":{"rendered":"<p><span style=\"font-weight: 400\">Em mar\u00e7o de 2019, a revista cient\u00edfica <\/span><i><span style=\"font-weight: 400\">Trends in Neuroscience and Education<\/span><\/i><span style=\"font-weight: 400\"> [Tend\u00eancias na Neuroci\u00eancia e na Educa\u00e7\u00e3o] publicou um artigo &#8220;<\/span><i><span style=\"font-weight: 400\">Mathematical mindsets increase student motivation: Evidence from the EEG<\/span><\/i><span style=\"font-weight: 400\">&#8221; [As Mentalidades Matem\u00e1ticas Aumentam a Motiva\u00e7\u00e3o dos Alunos: Evid\u00eancias do EEG].\u00a0 O artigo apresenta o trabalho colaborativo de um matem\u00e1tico, um neurocientista e um psic\u00f3logo, e oferece evid\u00eancias do impacto positivo de uma abordagem de Mentalidades Matem\u00e1tica no c\u00e9rebro dos alunos. O artigo foi na edi\u00e7\u00e3o impressa da <\/span><i><span style=\"font-weight: 400\">Trends in Neuroscience and Education<\/span><\/i><span style=\"font-weight: 400\"> em junho de 2019 (volume 15, pgs. 18-28). Trazemos abaixo um resumo do artigo, que pode ser baixado clicando no bot\u00e3o. As ideias testadas no estudo foram provenientes do livro de Jo Boaler, <\/span><i><span style=\"font-weight: 400\">Mentalidades Matem\u00e1ticas<\/span><\/i><span style=\"font-weight: 400\">.\u00a0<\/span><\/p>\n","protected":false},"excerpt":{"rendered":"<p>Em mar\u00e7o de 2019, a revista cient\u00edfica Trends in Neuroscience and Education [Tend\u00eancias na Neuroci\u00eancia e na Educa\u00e7\u00e3o] publicou um artigo &#8220;Mathematical mindsets increase student motivation: Evidence from the EEG&#8221; [&hellip;]<\/p>\n","protected":false},"author":4,"featured_media":0,"parent":0,"menu_order":0,"comment_status":"closed","ping_status":"closed","template":"","meta":{"_acf_changed":false,"_bbp_topic_count":0,"_bbp_reply_count":0,"_bbp_total_topic_count":0,"_bbp_total_reply_count":0,"_bbp_voice_count":0,"_bbp_anonymous_reply_count":0,"_bbp_topic_count_hidden":0,"_bbp_reply_count_hidden":0,"_bbp_forum_subforum_count":0,"footnotes":"","_links_to":"","_links_to_target":""},"class_list":["post-124718","page","type-page","status-publish","hentry"],"featured_image":null,"acf":[],"yoast_head":"<!-- This site is optimized with the Yoast SEO Premium plugin v15.8.2 - https:\/\/yoast.com\/wordpress\/plugins\/seo\/ -->\n<meta name=\"robots\" content=\"index, follow, max-snippet:-1, max-image-preview:large, max-video-preview:-1\" \/>\n<link rel=\"canonical\" href=\"https:\/\/www.youcubed.org\/pt-br\/artigos-sobre-neurociencia-e-educacao\/\" \/>\n<meta property=\"og:locale\" content=\"pt_BR\" \/>\n<meta property=\"og:type\" content=\"article\" \/>\n<meta property=\"og:title\" content=\"Artigos sobre Neuroci\u00eancia e Educa\u00e7\u00e3o - YouCubed\" \/>\n<meta property=\"og:description\" content=\"Em mar\u00e7o de 2019, a revista cient\u00edfica Trends in Neuroscience and Education [Tend\u00eancias na Neuroci\u00eancia e na Educa\u00e7\u00e3o] publicou um artigo &#8220;Mathematical mindsets increase student motivation: Evidence from the EEG&#8221; [&hellip;]\" \/>\n<meta property=\"og:url\" content=\"https:\/\/www.youcubed.org\/pt-br\/artigos-sobre-neurociencia-e-educacao\/\" \/>\n<meta property=\"og:site_name\" content=\"YouCubed\" \/>\n<meta property=\"article:modified_time\" content=\"2020-05-27T20:47:58+00:00\" \/>\n<meta property=\"og:image\" content=\"https:\/\/www.youcubed.org\/wp-content\/uploads\/2018\/08\/youcubed-logo-with-TM-Computer-Courage.png\" \/>\n\t<meta property=\"og:image:width\" content=\"936\" \/>\n\t<meta property=\"og:image:height\" content=\"243\" \/>\n<meta name=\"twitter:card\" content=\"summary_large_image\" \/>\n<meta name=\"twitter:label1\" content=\"Est. tempo de leitura\">\n\t<meta name=\"twitter:data1\" content=\"1 minuto\">\n<script type=\"application\/ld+json\" class=\"yoast-schema-graph\">{\"@context\":\"https:\/\/schema.org\",\"@graph\":[{\"@type\":\"WebSite\",\"@id\":\"https:\/\/www.youcubed.org\/pt-br\/#website\",\"url\":\"https:\/\/www.youcubed.org\/pt-br\/\",\"name\":\"YouCubed\",\"description\":\"Inspire ALL Students with Open, Creative Mindset Mathematics\",\"potentialAction\":[{\"@type\":\"SearchAction\",\"target\":\"https:\/\/www.youcubed.org\/pt-br\/?s={search_term_string}\",\"query-input\":\"required name=search_term_string\"}],\"inLanguage\":\"pt-BR\"},{\"@type\":\"WebPage\",\"@id\":\"https:\/\/www.youcubed.org\/pt-br\/artigos-sobre-neurociencia-e-educacao\/#webpage\",\"url\":\"https:\/\/www.youcubed.org\/pt-br\/artigos-sobre-neurociencia-e-educacao\/\",\"name\":\"Artigos sobre Neuroci\\u00eancia e Educa\\u00e7\\u00e3o - YouCubed\",\"isPartOf\":{\"@id\":\"https:\/\/www.youcubed.org\/pt-br\/#website\"},\"datePublished\":\"2019-04-12T21:03:57+00:00\",\"dateModified\":\"2020-05-27T20:47:58+00:00\",\"breadcrumb\":{\"@id\":\"https:\/\/www.youcubed.org\/pt-br\/artigos-sobre-neurociencia-e-educacao\/#breadcrumb\"},\"inLanguage\":\"pt-BR\",\"potentialAction\":[{\"@type\":\"ReadAction\",\"target\":[\"https:\/\/www.youcubed.org\/pt-br\/artigos-sobre-neurociencia-e-educacao\/\"]}]},{\"@type\":\"BreadcrumbList\",\"@id\":\"https:\/\/www.youcubed.org\/pt-br\/artigos-sobre-neurociencia-e-educacao\/#breadcrumb\",\"itemListElement\":[{\"@type\":\"ListItem\",\"position\":1,\"item\":{\"@type\":\"WebPage\",\"@id\":\"https:\/\/www.youcubed.org\/pt-br\/\",\"url\":\"https:\/\/www.youcubed.org\/pt-br\/\",\"name\":\"Home\"}},{\"@type\":\"ListItem\",\"position\":2,\"item\":{\"@type\":\"WebPage\",\"@id\":\"https:\/\/www.youcubed.org\/pt-br\/artigos-sobre-neurociencia-e-educacao\/\",\"url\":\"https:\/\/www.youcubed.org\/pt-br\/artigos-sobre-neurociencia-e-educacao\/\",\"name\":\"Artigos sobre Neuroci\\u00eancia e Educa\\u00e7\\u00e3o\"}}]}]}<\/script>\n<!-- \/ Yoast SEO Premium plugin. -->","_links":{"self":[{"href":"https:\/\/www.youcubed.org\/pt-br\/wp-json\/wp\/v2\/pages\/124718","targetHints":{"allow":["GET"]}}],"collection":[{"href":"https:\/\/www.youcubed.org\/pt-br\/wp-json\/wp\/v2\/pages"}],"about":[{"href":"https:\/\/www.youcubed.org\/pt-br\/wp-json\/wp\/v2\/types\/page"}],"author":[{"embeddable":true,"href":"https:\/\/www.youcubed.org\/pt-br\/wp-json\/wp\/v2\/users\/4"}],"replies":[{"embeddable":true,"href":"https:\/\/www.youcubed.org\/pt-br\/wp-json\/wp\/v2\/comments?post=124718"}],"version-history":[{"count":0,"href":"https:\/\/www.youcubed.org\/pt-br\/wp-json\/wp\/v2\/pages\/124718\/revisions"}],"wp:attachment":[{"href":"https:\/\/www.youcubed.org\/pt-br\/wp-json\/wp\/v2\/media?parent=124718"}],"curies":[{"name":"wp","href":"https:\/\/api.w.org\/{rel}","templated":true}]}}