{"id":114821,"date":"2026-01-25T09:29:41","date_gmt":"2026-01-25T17:29:41","guid":{"rendered":"https:\/\/youcubed2stg.wpengine.com\/week-inspirational-math\/"},"modified":"2026-01-26T06:17:05","modified_gmt":"2026-01-26T14:17:05","slug":"semana-inspiracional-da-matematica","status":"publish","type":"page","link":"https:\/\/www.youcubed.org\/pt-br\/semana-inspiracional-da-matematica\/","title":{"rendered":"Semana Inspiracional da Matem\u00e1tica"},"content":{"rendered":"<p>Estamos muito empolgados com a nova Semana Inspiracional da Matem\u00e1tica, mas sabemos que muitos de voc\u00eas est\u00e3o acostumados com a vers\u00e3o antiga e podem ainda querer encontrar esses arquivos. Os recursos antigos est\u00e3o na nova p\u00e1gina, mas \u00e0s vezes eles t\u00eam novos nomes e voc\u00ea pode precisar procur\u00e1-los. Portanto, se voc\u00ea preferir procurar um plano de aula da antiga SIM, poder\u00e1 encontrar o conjunto completo de arquivos aqui. Os arquivos organizados por semana e s\u00e9rie podem ser encontrados clicando nos links abaixo:<\/p>\n<p><strong>Semana 1<\/strong><\/p>\n<p><a href=\"https:\/\/www.youcubed.org\/pt-br\/resource\/antiga-smi-semana-1-3-4series\/\">3\u00b0-4\u00b0anos<\/a><\/p>\n<p><a href=\"https:\/\/www.youcubed.org\/pt-br\/resource\/antiga-smi-semana-1-5-9-series\/\">5\u00b0-9\u00b0+ anos<\/a><\/p>\n<p><strong>Semana 2<\/strong><\/p>\n<p><a href=\"https:\/\/www.youcubed.org\/pt-br\/resource\/antiga-smi-semana-2-educacao-infantil-2-ano-ensino-fundamental\/\">Educa\u00e7\u00e3o Infantil- 2\u00b0 ano Ensino Fundamental<\/a><\/p>\n<p><a href=\"https:\/\/www.youcubed.org\/pt-br\/resource\/antiga-smi-semana-2-3o-5o-ano-ensino-fundamental\/\">3\u00ba-5\u00ba ano Ensino Fundamental<\/a><\/p>\n<p><a href=\"https:\/\/www.youcubed.org\/pt-br\/resource\/antiga-smi-semana-2-6o-8o-ano-ensino-fundamental\/\">6\u00ba-8\u00ba ano Ensino Fundamental<\/a><\/p>\n<p><a href=\"https:\/\/www.youcubed.org\/pt-br\/resource\/antiga-smi-semana-2-9o-ano-ensino-fundamental-ensino-medio\/\">9\u00ba ano Ensino Fundamental-Ensino M\u00e9dio<\/a><\/p>\n<p><strong>Semana 3<\/strong><\/p>\n<p><a href=\"https:\/\/www.youcubed.org\/pt-br\/resource\/antiga-smi-semana-3-educacao-infantil\/\">Educa\u00e7\u00e3o Infantil<\/a><\/p>\n<p><a href=\"https:\/\/www.youcubed.org\/pt-br\/resource\/antiga-smi-semana-3-1o-2o-ano-ensino-fundamental\/\">1\u00ba-2\u00ba ano Ensino Fundamental<\/a><\/p>\n<p><a href=\"https:\/\/www.youcubed.org\/pt-br\/resource\/antiga-smi-semana-3-3o-5o-ano-ensino-fundamental\/\">3\u00ba-5\u00ba ano Ensino Fundamental<\/a><\/p>\n<p><a href=\"https:\/\/www.youcubed.org\/pt-br\/resource\/antiga-smi-semana-3-6o-8o-ano-ensino-fundamental\/\">6\u00ba-8\u00ba ano Ensino Fundamental<\/a><\/p>\n<p><a href=\"https:\/\/www.youcubed.org\/pt-br\/resource\/antiga-smi-semana-3-9o-ano-ensino-fundamental-ensino-medio\/\">9\u00ba ano Ensino Fundamental-Ensino M\u00e9dio<\/a><\/p>\n<p><strong>Semana 4<\/strong><\/p>\n<p><a href=\"https:\/\/www.youcubed.org\/pt-br\/resource\/antiga-smi-semana-4-educacao-infantil\/\">Educa\u00e7\u00e3o Infantil<\/a><\/p>\n<p><a href=\"https:\/\/www.youcubed.org\/pt-br\/resource\/antiga-smi-semana-4-1o-2o-ano-ensino-fundamental\/\">1\u00ba-2\u00ba ano Ensino Fundamental<\/a><\/p>\n<p><a href=\"https:\/\/www.youcubed.org\/pt-br\/resource\/antiga-smi-semana-4-3o-5o-ano-ensino-fundamental\/\">3\u00ba-5\u00ba ano Ensino Fundamental<\/a><\/p>\n<p><a href=\"https:\/\/www.youcubed.org\/pt-br\/resource\/antiga-smi-semana-4-6o-8o-ano-ensino-fundamental\/\">6\u00ba-8\u00ba ano Ensino Fundamental<\/a><\/p>\n<p><a href=\"https:\/\/www.youcubed.org\/pt-br\/resource\/antiga-smi-semana-4-9o-ano-ensino-medio-ensino-medio\/\">9\u00ba ano Ensino M\u00e9dio-Ensino M\u00e9dio<\/a><\/p>\n<p><a href=\"https:\/\/www.youcubed.org\/pt-br\/resource\/antiga-smi-semana-4-ensino-superior\/\">Ensino Superior<\/a><\/p>\n","protected":false},"excerpt":{"rendered":"<p>Estamos muito empolgados com a nova Semana Inspiracional da Matem\u00e1tica, mas sabemos que muitos de voc\u00eas est\u00e3o acostumados com a vers\u00e3o antiga e podem ainda querer encontrar esses arquivos. Os [&hellip;]<\/p>\n","protected":false},"author":2,"featured_media":130484,"parent":0,"menu_order":0,"comment_status":"closed","ping_status":"closed","template":"wim-landing-2.php","meta":{"_acf_changed":false,"_bbp_topic_count":0,"_bbp_reply_count":0,"_bbp_total_topic_count":0,"_bbp_total_reply_count":0,"_bbp_voice_count":0,"_bbp_anonymous_reply_count":0,"_bbp_topic_count_hidden":0,"_bbp_reply_count_hidden":0,"_bbp_forum_subforum_count":0,"footnotes":"","_links_to":"","_links_to_target":""},"class_list":["post-114821","page","type-page","status-publish","has-post-thumbnail","hentry"],"featured_image":{"id":130484,"alt_text":"","caption":"","description":"","media_type":"image","media_details":{"width":606,"height":395,"file":"2026\/01\/sim2026-1.png","filesize":39251,"sizes":{"thumbnail":{"file":"sim2026-1-150x150.png","width":150,"height":150,"mime-type":"image\/png","source_url":"https:\/\/www.youcubed.org\/wp-content\/uploads\/2026\/01\/sim2026-1-150x150.png"},"medium":{"file":"sim2026-1-300x196.png","width":300,"height":196,"mime-type":"image\/png","source_url":"https:\/\/www.youcubed.org\/wp-content\/uploads\/2026\/01\/sim2026-1-300x196.png"},"large":{"file":"sim2026-1-606x395.png","width":606,"height":395,"mime-type":"image\/png","source_url":"https:\/\/www.youcubed.org\/wp-content\/uploads\/2026\/01\/sim2026-1-606x395.png"}},"image_meta":{"aperture":"0","credit":"","camera":"","caption":"","created_timestamp":"0","copyright":"","focal_length":"0","iso":"0","shutter_speed":"0","title":"","orientation":"0","keywords":[]}},"post":114821,"source_url":"https:\/\/www.youcubed.org\/wp-content\/uploads\/2026\/01\/sim2026-1.png"},"acf":[],"yoast_head":"<!-- This site is optimized with the Yoast SEO Premium plugin v15.8.2 - https:\/\/yoast.com\/wordpress\/plugins\/seo\/ -->\n<meta name=\"description\" content=\"Atividades de Matem\u00e1tica para a volta \u00e0s aulas! Para Educa\u00e7\u00e3o Infantil, Ensino Fundamental (Anos Iniciais e Anos Finais) e Ensino M\u00e9dio.\" \/>\n<meta name=\"robots\" content=\"index, follow, max-snippet:-1, max-image-preview:large, max-video-preview:-1\" \/>\n<link rel=\"canonical\" href=\"https:\/\/www.youcubed.org\/pt-br\/semana-inspiracional-da-matematica\/\" \/>\n<meta property=\"og:locale\" content=\"pt_BR\" \/>\n<meta property=\"og:type\" content=\"article\" \/>\n<meta property=\"og:title\" content=\"Semana Inspiracional da Matem\u00e1tica - YouCubed\" \/>\n<meta property=\"og:description\" content=\"Atividades de Matem\u00e1tica para a volta \u00e0s aulas! Para Educa\u00e7\u00e3o Infantil, Ensino Fundamental (Anos Iniciais e Anos Finais) e Ensino M\u00e9dio.\" \/>\n<meta property=\"og:url\" content=\"https:\/\/www.youcubed.org\/pt-br\/semana-inspiracional-da-matematica\/\" \/>\n<meta property=\"og:site_name\" content=\"YouCubed\" \/>\n<meta property=\"article:modified_time\" content=\"2026-01-26T14:17:05+00:00\" \/>\n<meta property=\"og:image\" content=\"https:\/\/www.youcubed.org\/wp-content\/uploads\/2019\/08\/banner-1.2.png\" \/>\n\t<meta property=\"og:image:width\" content=\"1200\" \/>\n\t<meta property=\"og:image:height\" content=\"630\" \/>\n<meta name=\"twitter:card\" content=\"summary_large_image\" \/>\n<meta name=\"twitter:image\" content=\"https:\/\/www.youcubed.org\/wp-content\/uploads\/2019\/08\/banner-1.2.png\" \/>\n<meta name=\"twitter:label1\" content=\"Est. tempo de leitura\">\n\t<meta name=\"twitter:data1\" content=\"1 minuto\">\n<script type=\"application\/ld+json\" class=\"yoast-schema-graph\">{\"@context\":\"https:\/\/schema.org\",\"@graph\":[{\"@type\":\"WebSite\",\"@id\":\"https:\/\/www.youcubed.org\/pt-br\/#website\",\"url\":\"https:\/\/www.youcubed.org\/pt-br\/\",\"name\":\"YouCubed\",\"description\":\"Inspire ALL Students with Open, Creative Mindset Mathematics\",\"potentialAction\":[{\"@type\":\"SearchAction\",\"target\":\"https:\/\/www.youcubed.org\/pt-br\/?s={search_term_string}\",\"query-input\":\"required name=search_term_string\"}],\"inLanguage\":\"pt-BR\"},{\"@type\":\"ImageObject\",\"@id\":\"https:\/\/www.youcubed.org\/pt-br\/semana-inspiracional-da-matematica\/#primaryimage\",\"inLanguage\":\"pt-BR\",\"url\":\"https:\/\/www.youcubed.org\/wp-content\/uploads\/2026\/01\/sim2026-1.png\",\"width\":606,\"height\":395},{\"@type\":\"WebPage\",\"@id\":\"https:\/\/www.youcubed.org\/pt-br\/semana-inspiracional-da-matematica\/#webpage\",\"url\":\"https:\/\/www.youcubed.org\/pt-br\/semana-inspiracional-da-matematica\/\",\"name\":\"Semana Inspiracional da Matem\\u00e1tica - YouCubed\",\"isPartOf\":{\"@id\":\"https:\/\/www.youcubed.org\/pt-br\/#website\"},\"primaryImageOfPage\":{\"@id\":\"https:\/\/www.youcubed.org\/pt-br\/semana-inspiracional-da-matematica\/#primaryimage\"},\"datePublished\":\"2026-01-25T17:29:41+00:00\",\"dateModified\":\"2026-01-26T14:17:05+00:00\",\"description\":\"Atividades de Matem\\u00e1tica para a volta \\u00e0s aulas! Para Educa\\u00e7\\u00e3o Infantil, Ensino Fundamental (Anos Iniciais e Anos Finais) e Ensino M\\u00e9dio.\",\"breadcrumb\":{\"@id\":\"https:\/\/www.youcubed.org\/pt-br\/semana-inspiracional-da-matematica\/#breadcrumb\"},\"inLanguage\":\"pt-BR\",\"potentialAction\":[{\"@type\":\"ReadAction\",\"target\":[\"https:\/\/www.youcubed.org\/pt-br\/semana-inspiracional-da-matematica\/\"]}]},{\"@type\":\"BreadcrumbList\",\"@id\":\"https:\/\/www.youcubed.org\/pt-br\/semana-inspiracional-da-matematica\/#breadcrumb\",\"itemListElement\":[{\"@type\":\"ListItem\",\"position\":1,\"item\":{\"@type\":\"WebPage\",\"@id\":\"https:\/\/www.youcubed.org\/pt-br\/\",\"url\":\"https:\/\/www.youcubed.org\/pt-br\/\",\"name\":\"Home\"}},{\"@type\":\"ListItem\",\"position\":2,\"item\":{\"@type\":\"WebPage\",\"@id\":\"https:\/\/www.youcubed.org\/pt-br\/semana-inspiracional-da-matematica\/\",\"url\":\"https:\/\/www.youcubed.org\/pt-br\/semana-inspiracional-da-matematica\/\",\"name\":\"Semana Inspiracional da Matem\\u00e1tica\"}}]}]}<\/script>\n<!-- \/ Yoast SEO Premium plugin. -->","_links":{"self":[{"href":"https:\/\/www.youcubed.org\/pt-br\/wp-json\/wp\/v2\/pages\/114821","targetHints":{"allow":["GET"]}}],"collection":[{"href":"https:\/\/www.youcubed.org\/pt-br\/wp-json\/wp\/v2\/pages"}],"about":[{"href":"https:\/\/www.youcubed.org\/pt-br\/wp-json\/wp\/v2\/types\/page"}],"author":[{"embeddable":true,"href":"https:\/\/www.youcubed.org\/pt-br\/wp-json\/wp\/v2\/users\/2"}],"replies":[{"embeddable":true,"href":"https:\/\/www.youcubed.org\/pt-br\/wp-json\/wp\/v2\/comments?post=114821"}],"version-history":[{"count":0,"href":"https:\/\/www.youcubed.org\/pt-br\/wp-json\/wp\/v2\/pages\/114821\/revisions"}],"wp:featuredmedia":[{"embeddable":true,"href":"https:\/\/www.youcubed.org\/pt-br\/wp-json\/wp\/v2\/media\/130484"}],"wp:attachment":[{"href":"https:\/\/www.youcubed.org\/pt-br\/wp-json\/wp\/v2\/media?parent=114821"}],"curies":[{"name":"wp","href":"https:\/\/api.w.org\/{rel}","templated":true}]}}