{"id":112886,"date":"2017-03-09T10:19:51","date_gmt":"2017-03-09T18:19:51","guid":{"rendered":"https:\/\/youcubed2stg.wpengine.com\/open-creative-mathematics\/"},"modified":"2019-11-19T05:11:55","modified_gmt":"2019-11-19T13:11:55","slug":"a-matematica-aberta-e-criativa-2","status":"publish","type":"page","link":"https:\/\/www.youcubed.org\/pt-br\/a-matematica-aberta-e-criativa-2\/","title":{"rendered":"A Matem\u00e1tica Aberta e Criativa"},"content":{"rendered":"<p>A matem\u00e1tica \u00e9 uma mat\u00e9ria bonita, aberta, criativa e multidimensional. Mas a matem\u00e1tica escolar \u00e9 muitas vezes processual, unidimensional e nada inspiradora, pois gira em torno da memoriza\u00e7\u00e3o de m\u00e9todos e procedimentos. Um dos motivos por que tantos alunos se desinteressam pela matem\u00e1tica est\u00e1 na forma limitada com que ela \u00e9 ensinada nas escolas. A matem\u00e1tica unidimensional n\u00e3o \u00e9 a matem\u00e1tica do mundo, tampouco \u00e9 a matem\u00e1tica do mercado de trabalho do s\u00e9culo XXI.<\/p>\n<p>Ent\u00e3o, o que \u00e9 a matem\u00e1tica multidimensional? \u00c9 matem\u00e1tica real. Pensemos no trabalho de uma matem\u00e1tica: primeiro, ela tem de apresentar um problema importante; depois, tra\u00e7ar uma abordagem matem\u00e1tica. Provavelmente, ela vai trabalhar com alguns colegas na an\u00e1lise de hip\u00f3teses, e se engajar com o que Lakatos descreve como um processo ziguezagueante que inclui: conjecturar, refinar contraexemplos e apresentar provas. Ela precisa formar um modelo matem\u00e1tico, aplicar m\u00e9todos, tra\u00e7ar diagramas, conectar ideias, raciocinar sobre conex\u00f5es e comunicar-se de diferentes formas. O trabalho \u00e9 multidimensional. Quando a matem\u00e1tica \u00e9 ensinada como uma mat\u00e9ria multidimensional, os alunos se engajam e apreciam mais a matem\u00e1tica, al\u00e9m de alcan\u00e7ar n\u00edveis mais altos.<\/p>\n","protected":false},"excerpt":{"rendered":"<p>A matem\u00e1tica \u00e9 uma mat\u00e9ria bonita, aberta, criativa e multidimensional. Mas a matem\u00e1tica escolar \u00e9 muitas vezes processual, unidimensional e nada inspiradora, pois gira em torno da memoriza\u00e7\u00e3o de m\u00e9todos [&hellip;]<\/p>\n","protected":false},"author":3,"featured_media":0,"parent":0,"menu_order":2,"comment_status":"closed","ping_status":"closed","template":"","meta":{"_acf_changed":false,"_bbp_topic_count":0,"_bbp_reply_count":0,"_bbp_total_topic_count":0,"_bbp_total_reply_count":0,"_bbp_voice_count":0,"_bbp_anonymous_reply_count":0,"_bbp_topic_count_hidden":0,"_bbp_reply_count_hidden":0,"_bbp_forum_subforum_count":0,"footnotes":"","_links_to":"","_links_to_target":""},"class_list":["post-112886","page","type-page","status-publish","hentry"],"featured_image":null,"acf":[],"yoast_head":"<!-- This site is optimized with the Yoast SEO Premium plugin v15.8.2 - https:\/\/yoast.com\/wordpress\/plugins\/seo\/ -->\n<meta name=\"robots\" content=\"index, follow, max-snippet:-1, max-image-preview:large, max-video-preview:-1\" \/>\n<link rel=\"canonical\" href=\"https:\/\/www.youcubed.org\/pt-br\/a-matematica-aberta-e-criativa-2\/\" \/>\n<meta property=\"og:locale\" content=\"pt_BR\" \/>\n<meta property=\"og:type\" content=\"article\" \/>\n<meta property=\"og:title\" content=\"A Matem\u00e1tica Aberta e Criativa - YouCubed\" \/>\n<meta property=\"og:description\" content=\"A matem\u00e1tica \u00e9 uma mat\u00e9ria bonita, aberta, criativa e multidimensional. Mas a matem\u00e1tica escolar \u00e9 muitas vezes processual, unidimensional e nada inspiradora, pois gira em torno da memoriza\u00e7\u00e3o de m\u00e9todos [&hellip;]\" \/>\n<meta property=\"og:url\" content=\"https:\/\/www.youcubed.org\/pt-br\/a-matematica-aberta-e-criativa-2\/\" \/>\n<meta property=\"og:site_name\" content=\"YouCubed\" \/>\n<meta property=\"article:modified_time\" content=\"2019-11-19T13:11:55+00:00\" \/>\n<meta property=\"og:image\" content=\"https:\/\/www.youcubed.org\/wp-content\/uploads\/2018\/08\/youcubed-logo-with-TM-Computer-Courage.png\" \/>\n\t<meta property=\"og:image:width\" content=\"936\" \/>\n\t<meta property=\"og:image:height\" content=\"243\" \/>\n<meta name=\"twitter:card\" content=\"summary_large_image\" \/>\n<meta name=\"twitter:label1\" content=\"Est. tempo de leitura\">\n\t<meta name=\"twitter:data1\" content=\"1 minuto\">\n<script type=\"application\/ld+json\" class=\"yoast-schema-graph\">{\"@context\":\"https:\/\/schema.org\",\"@graph\":[{\"@type\":\"WebSite\",\"@id\":\"https:\/\/www.youcubed.org\/pt-br\/#website\",\"url\":\"https:\/\/www.youcubed.org\/pt-br\/\",\"name\":\"YouCubed\",\"description\":\"Inspire ALL Students with Open, Creative Mindset Mathematics\",\"potentialAction\":[{\"@type\":\"SearchAction\",\"target\":\"https:\/\/www.youcubed.org\/pt-br\/?s={search_term_string}\",\"query-input\":\"required name=search_term_string\"}],\"inLanguage\":\"pt-BR\"},{\"@type\":\"WebPage\",\"@id\":\"https:\/\/www.youcubed.org\/pt-br\/a-matematica-aberta-e-criativa-2\/#webpage\",\"url\":\"https:\/\/www.youcubed.org\/pt-br\/a-matematica-aberta-e-criativa-2\/\",\"name\":\"A Matem\\u00e1tica Aberta e Criativa - YouCubed\",\"isPartOf\":{\"@id\":\"https:\/\/www.youcubed.org\/pt-br\/#website\"},\"datePublished\":\"2017-03-09T18:19:51+00:00\",\"dateModified\":\"2019-11-19T13:11:55+00:00\",\"breadcrumb\":{\"@id\":\"https:\/\/www.youcubed.org\/pt-br\/a-matematica-aberta-e-criativa-2\/#breadcrumb\"},\"inLanguage\":\"pt-BR\",\"potentialAction\":[{\"@type\":\"ReadAction\",\"target\":[\"https:\/\/www.youcubed.org\/pt-br\/a-matematica-aberta-e-criativa-2\/\"]}]},{\"@type\":\"BreadcrumbList\",\"@id\":\"https:\/\/www.youcubed.org\/pt-br\/a-matematica-aberta-e-criativa-2\/#breadcrumb\",\"itemListElement\":[{\"@type\":\"ListItem\",\"position\":1,\"item\":{\"@type\":\"WebPage\",\"@id\":\"https:\/\/www.youcubed.org\/pt-br\/\",\"url\":\"https:\/\/www.youcubed.org\/pt-br\/\",\"name\":\"Home\"}},{\"@type\":\"ListItem\",\"position\":2,\"item\":{\"@type\":\"WebPage\",\"@id\":\"https:\/\/www.youcubed.org\/pt-br\/a-matematica-aberta-e-criativa-2\/\",\"url\":\"https:\/\/www.youcubed.org\/pt-br\/a-matematica-aberta-e-criativa-2\/\",\"name\":\"A Matem\\u00e1tica Aberta e Criativa\"}}]}]}<\/script>\n<!-- \/ Yoast SEO Premium plugin. -->","_links":{"self":[{"href":"https:\/\/www.youcubed.org\/pt-br\/wp-json\/wp\/v2\/pages\/112886","targetHints":{"allow":["GET"]}}],"collection":[{"href":"https:\/\/www.youcubed.org\/pt-br\/wp-json\/wp\/v2\/pages"}],"about":[{"href":"https:\/\/www.youcubed.org\/pt-br\/wp-json\/wp\/v2\/types\/page"}],"author":[{"embeddable":true,"href":"https:\/\/www.youcubed.org\/pt-br\/wp-json\/wp\/v2\/users\/3"}],"replies":[{"embeddable":true,"href":"https:\/\/www.youcubed.org\/pt-br\/wp-json\/wp\/v2\/comments?post=112886"}],"version-history":[{"count":0,"href":"https:\/\/www.youcubed.org\/pt-br\/wp-json\/wp\/v2\/pages\/112886\/revisions"}],"wp:attachment":[{"href":"https:\/\/www.youcubed.org\/pt-br\/wp-json\/wp\/v2\/media?parent=112886"}],"curies":[{"name":"wp","href":"https:\/\/api.w.org\/{rel}","templated":true}]}}