{"id":112864,"date":"2017-03-15T14:41:14","date_gmt":"2017-03-15T21:41:14","guid":{"rendered":"https:\/\/youcubed2stg.wpengine.com\/privacy-notice\/"},"modified":"2019-05-24T12:14:49","modified_gmt":"2019-05-24T19:14:49","slug":"nota-de-privacidade","status":"publish","type":"page","link":"https:\/\/www.youcubed.org\/pt-br\/nota-de-privacidade\/","title":{"rendered":"Nota de Privacidade"},"content":{"rendered":"<p>N\u00f3s respeitamos sua privacidade, envidaremos todos os esfor\u00e7os para manter o sigilo de suas informa\u00e7\u00f5es pessoalmente identific\u00e1veis, e n\u00e3o as compartilharemos com terceiros, salvo especifica\u00e7\u00e3o contr\u00e1ria presente na Pol\u00edtica de Privacidade, ou a menos que acreditemos de boa-f\u00e9 que tal revela\u00e7\u00e3o se faz necess\u00e1ria em casos especiais, como amea\u00e7a f\u00edsica a voc\u00ea, ou a outros.<\/p>\n<h2>Quais Informa\u00e7\u00f5es esta Pol\u00edtica de Privacidade Abrange<\/h2>\n<p>A fim de acessar certos dispositivos e benef\u00edcios em nosso site, voc\u00ea tema op\u00e7\u00e3o de cadastrar &#8220;Informa\u00e7\u00f5es Pessoalmente Identific\u00e1veis&#8221; (ou seja, informa\u00e7\u00f5es que podem ser usadas para identific\u00e1-lo). As Informa\u00e7\u00f5es Pessoalmente Identific\u00e1veis podem incluir informa\u00e7\u00f5es tais como seu nome e endere\u00e7o de e-mail, entre outros. Voc\u00ea \u00e9 respons\u00e1vel por assegurar a precis\u00e3o das Informa\u00e7\u00f5es Pessoalmente Identific\u00e1veis que nos apresenta. Informa\u00e7\u00f5es imprecisas podem afetar seu uso deste site, as informa\u00e7\u00f5es que voc\u00ea recebe quando usa o site, e nossa capacidade de contat\u00e1-lo. Por exemplo, seu endere\u00e7o de e-mail deve estar sempre atualizado, pois ele \u00e9 o meio principal para nos comunicarmos com voc\u00ea.<br \/>\nPor favor, perceba que essa Nota de Privacidade apenas se aplica a informa\u00e7\u00f5es que coletamos por meio do site e n\u00e3o \u00e9 aplic\u00e1vel a informa\u00e7\u00f5es suas que podemos coletar de voc\u00ea a partir de outros meios, tais como correios ou telefone.<\/p>\n<h2>O Que Voc\u00ea Est\u00e1 Consentindo ao Usar Nosso Site<\/h2>\n<p>Por favor, entenda que, ao cadastrar quaisquer Informa\u00e7\u00f5es Pessoalmente Identific\u00e1veis conosco, voc\u00ea aceita e concorda que n\u00f3s coletemos, usemos e revelemos tais Informa\u00e7\u00f5es Pessoalmente Identific\u00e1veis de acordo com esta Pol\u00edtica de Privacidade e nossos Termos de Uso, e de acordo com o que \u00e9 permitido ou exigido por lei. Caso voc\u00ea n\u00e3o concorde com estes termos, por favor n\u00e3o forne\u00e7a quaisquer Informa\u00e7\u00f5es Pessoalmente Identific\u00e1veis para n\u00f3s. Caso voc\u00ea negue ou retire seu consentimento, ou, caso escolha n\u00e3o fornecer alguma das Informa\u00e7\u00f5es Pessoalmente Identific\u00e1veis, n\u00f3s talvez n\u00e3o consigamos fornecer os servi\u00e7os e materiais que podem ser oferecidos em nosso site.<\/p>\n<h2>Informa\u00e7\u00f5es que N\u00f3s Recolhemos<\/h2>\n<p>N\u00f3s reunimos os seguintes tipos de informa\u00e7\u00f5es sobre os usu\u00e1rios por meio do site:<\/p>\n<p><u>Informa\u00e7\u00f5es n\u00e3o pessoais<\/u>. Quando os usu\u00e1rios entram em nosso site, n\u00f3s podemos rastrear, coletar e agregar informa\u00e7\u00f5es n\u00e3o-pessoais que indiquem, entre outras coisas, quais p\u00e1ginas do site foram visitadas, a ordem em que foram visitadas, quando foram visitadas, e em quais hyperlinks voc\u00ea clicou. N\u00f3s tamb\u00e9m recolhemos informa\u00e7\u00f5es das URLs por meio das quais voc\u00ea se conectou ao nosso site. Recolher tais informa\u00e7\u00f5es pode envolver registrar endere\u00e7o IP, sistema operacional e software de navega\u00e7\u00e3o utilizado por cada usu\u00e1rio do site. Embora tais informa\u00e7\u00f5es n\u00e3o sejam Informa\u00e7\u00f5es Pessoalmente Identific\u00e1veis, \u00e9 poss\u00edvel conseguir determinar, a partir do endere\u00e7o IP, o Provedor do Servi\u00e7o de Internet do usu\u00e1rio e a localiza\u00e7\u00e3o geogr\u00e1fica de seu ponto de conectividade.<\/p>\n<p><u>Cookies<\/u>. N\u00f3s tamb\u00e9m podemos usar <em>cookies<\/em> e\/ou <em>web beacons<\/em> para nos ajudar a determinar e identificar usu\u00e1rios repetidos, o tipo de conte\u00fado e os links que o usu\u00e1rio acessa, o per\u00edodo de tempo que cada usu\u00e1rio passa em alguma \u00e1rea particular de nosso site, e as funcionalidades espec\u00edficas que o usu\u00e1rio escolhe usar. Cookies s\u00e3o basicamente o cart\u00e3o de identifica\u00e7\u00e3o de um usu\u00e1rio para nossos servidores. Beacons da Web s\u00e3o pequenos arquivos gr\u00e1ficos vinculados a nossos servidores que nos permitem rastrear seu uso do nosso site e funcionalidades relacionadas. Cookies e web beacons nos permitem servi-lo melhor e de forma mais eficiente, e personalizar sua experi\u00eancia em nosso site. Os cookies e web beacons n\u00e3o s\u00e3o usados para reter Informa\u00e7\u00f5es Pessoalmente Identific\u00e1veis. De vez em quando, tamb\u00e9m podermos usar m\u00e9todos adicionais para recolher dados. N\u00f3s n\u00e3o fornecemos qualquer dado recolhido por meio de cookies a terceiros.<\/p>\n<p>Cabe a voc\u00ea controlar como e se os cookies ser\u00e3o aceitos em seu navegador.\u00a0 A maioria dos navegadores oferecem instru\u00e7\u00f5es, na se\u00e7\u00e3o &#8220;Ajuda&#8221; na barra de ferramentas, sobre como reiniciar o navegador para rejeitar cookies. Caso voc\u00ea rejeite nossos cookies, muitas fun\u00e7\u00f5es e conveni\u00eancias deste site podem n\u00e3o funcionar de modo apropriado.<\/p>\n<p><u>Informa\u00e7\u00e3o Pessoalmente Identific\u00e1vel.<\/u> Esta Pol\u00edtica de Privacidade serve como notifica\u00e7\u00e3o de que n\u00f3s recolhemos Informa\u00e7\u00f5es Pessoalmente Identific\u00e1veis dos modos descritos aqui. Tais informa\u00e7\u00f5es podem incluir, mas n\u00e3o se limitam a: nome de usu\u00e1rio, endere\u00e7o de e-mail, endere\u00e7o residencial, CEP, g\u00eanero e ano de nascimento.\u00a0 N\u00f3s recolhemos as Informa\u00e7\u00f5es Pessoalmente Identific\u00e1veis que voc\u00ea nos fornece ao cadastrar atualiza\u00e7\u00f5es de e-mail, participar de cursos online ou servi\u00e7os por meio de nossos site, participar de nossos f\u00f3runs online, enviar mensagens de e-mail, e\/ou entrar em contato conosco. Para que voc\u00ea se cadastre em tais servi\u00e7os, pode-se solicitar que voc\u00ea forne\u00e7a Informa\u00e7\u00f5es Pessoalmente Identific\u00e1veis, tais como seu nome de usu\u00e1rio, nome, CEP, e endere\u00e7o de e-mail. Tamb\u00e9m poder\u00e3o ser solicitadas informa\u00e7\u00f5es demogr\u00e1ficas, tais como data de nascimento, g\u00eanero, e informa\u00e7\u00f5es educacionais e vocacionais. N\u00f3s tamb\u00e9m recebemos Informa\u00e7\u00f5es Pessoalmente Identific\u00e1veis quando voc\u00ea faz seu login em um site de terceiros, ou o acessa, como, por exemplo, o Facebook, a partir do nosso site. Isso pode incluir texto e\/ou imagens de suas Informa\u00e7\u00f5es Pessoalmente Identific\u00e1veis dispon\u00edveis a partir do site de terceiros. As Informa\u00e7\u00f5es Pessoalmente Identific\u00e1veis n\u00e3o devem incluir qualquer informa\u00e7\u00e3o postada ou enviada por voc\u00ea por meio de qualquer f\u00f3rum p\u00fablico.<\/p>\n<h2>Recolhimento de Informa\u00e7\u00f5es por Terceiros<\/h2>\n<p>N\u00f3s podemos permitir que um n\u00famero restrito de terceiros autorizados, tais como parceiros de an\u00e1lises de dados, coloquem cookies atrav\u00e9s do site para nos fornecer melhores insights sobre o uso do site e as informa\u00e7\u00f5es demogr\u00e1ficas do usu\u00e1rio. Esses terceiros podem recolher informa\u00e7\u00f5es, incluindo informa\u00e7\u00f5es n\u00e3o pessoais, sobre as atividades online de um consumidor ao longo do tempo e em diferentes websites quando ela\/e usa nosso website.<\/p>\n<h2>N\u00e3o Rastreamento<\/h2>\n<p>N\u00f3s n\u00e3o usamos tecnologias que reconhecem o sinal &#8220;n\u00e3o-rastrear&#8221; de seu navegador.<\/p>\n<h2>Como Usamos e Compartilhamos as Informa\u00e7\u00f5es<\/h2>\n<p>Por favor, reserve algum tempo para se familiarizar com as diferentes formas nas quais usamos e divulgamos as informa\u00e7\u00f5es que reunimos. N\u00f3s n\u00e3o compartilhamos Informa\u00e7\u00f5es Pessoalmente Identific\u00e1veis com terceiros para uso de marketing direto.<\/p>\n<p><u>Informa\u00e7\u00f5es N\u00e3o Pessoais<\/u>. N\u00f3s utilizamos as informa\u00e7\u00f5es n\u00e3o-pessoais de forma agregada para alcan\u00e7ar uma maior qualidade, e oferecer servi\u00e7os mais \u00fateis, por meio de an\u00e1lises estat\u00edsticas das caracter\u00edsticas e comportamentos coletivos de nossos usu\u00e1rios, e por meio da obten\u00e7\u00e3o de dados demogr\u00e1ficos e dos interesses relativos a \u00e1reas espec\u00edficas de nosso site. Tais informa\u00e7\u00f5es agregadas podem incluir, mas n\u00e3o se limitam a, intera\u00e7\u00f5es com o player de v\u00eddeo, visualiza\u00e7\u00f5es de postagens, visualiza\u00e7\u00f5es e a\u00e7\u00f5es em p\u00e1ginas, resultados de avalia\u00e7\u00f5es, tarefas e taxas de conclus\u00e3o. N\u00f3s podemos compartilhar Informa\u00e7\u00f5es N\u00e3o-Pessoais com provedores de servi\u00e7os e outros para nos auxiliar na opera\u00e7\u00e3o e melhoria de nossos programas e site.<\/p>\n<p><u>Informa\u00e7\u00e3o Pessoalmente Identific\u00e1vel.<\/u> Entre outras coisas, n\u00f3s podemos usar as Informa\u00e7\u00f5es Pessoalmente Identific\u00e1veis fornecidas por voc\u00ea para responder \u00e0s suas perguntas, fornecer a voc\u00ea o curso espec\u00edfico e\/ou servi\u00e7os que voc\u00ea selecione, enviar atualiza\u00e7\u00f5es sobre cursos online oferecidos por n\u00f3s ou outros eventos, e lhe enviar mensagens de e-mail sobre a manuten\u00e7\u00e3o e atualiza\u00e7\u00f5es do site. Exceto conforme definido na presente Pol\u00edtica de Privacidade, ou especificamente com sua aprova\u00e7\u00e3o, n\u00f3s n\u00e3o divulgaremos quaisquer Informa\u00e7\u00f5es Pessoalmente Identific\u00e1veis que coletemos de voc\u00ea no site. Al\u00e9m dos outros usos definidos nesta Pol\u00edtica de Privacidade, n\u00f3s podemos divulgar e, de modo geral, usar Informa\u00e7\u00f5es Pessoalmente Identific\u00e1veis de acordo com a descri\u00e7\u00e3o abaixo.<\/p>\n<p><u>Atualiza\u00e7\u00f5es.<\/u> N\u00f3s usamos as Informa\u00e7\u00f5es Pessoalmente Identific\u00e1veis recolhidas quando voc\u00ea se cadastra em nossos variados servi\u00e7os de e-mail ou atualiza\u00e7\u00f5es para lhe enviar mensagens relacionadas ao site ou um curso online. N\u00f3s tamb\u00e9m podemos arquivar essa informa\u00e7\u00e3o e\/ou us\u00e1-la em futuras comunica\u00e7\u00f5es com voc\u00ea.<\/p>\n<p><u>F\u00f3runs<\/u>. N\u00f3s usamos as Informa\u00e7\u00f5es Pessoalmente Identific\u00e1veis coletadas durante sua navega\u00e7\u00e3o em f\u00f3runs para que voc\u00ea possa us\u00e1-los com mais facilidade.\u00a0 Al\u00e9m disso, n\u00f3s podemos divulgar essas informa\u00e7\u00f5es seja no site e\/ou em outras publica\u00e7\u00f5es. N\u00f3s tamb\u00e9m podemos arquivar essas informa\u00e7\u00f5es e\/ou us\u00e1-la em futuros contatos com voc\u00ea e\/ou seu representante. Considerando que o f\u00f3rum \u00e9 aberto ao p\u00fablico, voc\u00ea tem a op\u00e7\u00e3o de selecionar um nome de usu\u00e1rio que n\u00e3o mostre sua identidade quando voc\u00ea posta no f\u00f3rum.<\/p>\n<p><u>Contatos Conosco<\/u>. Quando voc\u00ea nos manda uma mensagem de e-mail, ou entra em contato conosco, n\u00f3s podemos usar as informa\u00e7\u00f5es fornecidas por voc\u00ea para responder a seu contato e\/ou tal como descrito nesta Pol\u00edtica de Privacidade. N\u00f3s tamb\u00e9m podemos arquivar esta informa\u00e7\u00e3o e\/ou us\u00e1-la para futuros contatos com voc\u00ea.<\/p>\n<p><u>Pesquisa<\/u>. N\u00f3s estudaremos a participa\u00e7\u00e3o nos f\u00f3runs para descobrir como melhor\u00e1-los. Registros de sua participa\u00e7\u00e3o podem ser usados por n\u00f3s para tais estudos. Esses registros podem abranger, mas n\u00e3o se limitam a: nome de usu\u00e1rio, endere\u00e7o de e-mail, endere\u00e7o residencial, CEP, g\u00eanero, ano de nascimento e suas intera\u00e7\u00f5es com a plataforma, como, por exemplo, o uso do player de v\u00eddeo, posts no f\u00f3rum, a\u00e7\u00f5es nas p\u00e1ginas das aulas, atividades, e resultados em avalia\u00e7\u00f5es. Para fins de pesquisa, podemos compartilhar informa\u00e7\u00f5es que coletarmos de atividades de aprendizado online, incluindo Informa\u00e7\u00f5es Pessoalmente Identific\u00e1veis (&#8220;IPI&#8221;), com outros pesquisadores. No entanto, seu IPI ser\u00e1 apenas compartilhado sob os preceitos da lei aplic\u00e1vel, e suas informa\u00e7\u00f5es dever\u00e3o se limitar \u00e0s estritamente necess\u00e1rias para a realiza\u00e7\u00e3o da pesquisa, e estar\u00e3o sujeitas a um acordo de prote\u00e7\u00e3o de dados. N\u00f3s tamb\u00e9m podemos compartilhar com o p\u00fablico ou terceiros informa\u00e7\u00f5es agregadas que n\u00e3o o identificam pessoalmente. Da mesma forma, quaisquer resultados provenientes de investiga\u00e7\u00e3o ser\u00e3o relatados em n\u00edvel agregado e, portanto, n\u00e3o expor\u00e3o sua identidade pessoal.<\/p>\n<p><u>Sites de terceiros.<\/u> N\u00f3s usamos as Informa\u00e7\u00f5es Pessoalmente Identific\u00e1veis coletadas de sites de terceiros para fins de pesquisa e ensino. Considerando-se que tais Informa\u00e7\u00f5es Pessoalmente Identific\u00e1veis cont\u00eam imagens de voc\u00ea; voc\u00ea nos concede o direito limitado, e n\u00e3o exclusivo, de usar, reproduzir, distribuir e preparar trabalhos derivativos de tais imagens, ou exibir publicamente, e\/ou um retrato seu para fins educacionais.<\/p>\n<p><u>Divulga\u00e7\u00e3o aos Terceirizados<\/u>. Nossos terceirizados podem ter acesso limitado \u00e0s suas Informa\u00e7\u00f5es Pessoalmente Identific\u00e1veis durante o oferecimento de produtos ou servi\u00e7os para n\u00f3s. Entre tais terceirizados, pode haver vendedores e fornecedores que nos fornecem tecnologia, servi\u00e7os, assist\u00eancia de marketing, e\/ou conte\u00fados relacionados \u00e0 opera\u00e7\u00e3o e manuten\u00e7\u00e3o do site. O acesso que tais terceirizados ter\u00e3o de suas Informa\u00e7\u00f5es Pessoalmente Identific\u00e1veis limita-se \u00e0s informa\u00e7\u00f5es estritamente necess\u00e1rias para que o terceirizado possa realizar sua fun\u00e7\u00e3o espec\u00edfica para n\u00f3s.<\/p>\n<p><u>Autoridades do Governo, Direitos Legais, e A\u00e7\u00f5es<\/u>. N\u00f3s podemos compartilhar suas Informa\u00e7\u00f5es Pessoalmente Identific\u00e1veis com v\u00e1rias autoridades do governo em resposta a intima\u00e7\u00e3o, decis\u00e3o judicial, ou outro processo legal; para estabelecer ou exercer nossos direitos legais ou proteger nossa propriedade, direitos ou a seguran\u00e7a de outros; para processar ou nos defender contra a\u00e7\u00f5es judiciais; ou quando a lei ou regula\u00e7\u00f5es aplic\u00e1vel assim exijam. Em tais casos, n\u00f3s nos reservamos o direito de levantar ou dispensar quaisquer obje\u00e7\u00f5es ou direitos legais que nos estejam dispon\u00edveis. Tamb\u00e9m podemos compartilhar suas Informa\u00e7\u00f5es Pessoalmente Identific\u00e1veis quando acreditarmos que seja apropriado investigar, impedir, ou tomar medidas em rela\u00e7\u00e3o a atividades ilegais, ou suspeitas de atividades ilegais; para proteger e defender os direitos, a propriedade, ou seguran\u00e7a do site, de nossos usu\u00e1rios ou outros; ou em conex\u00e3o com nossos Termos de Uso e outros acordos.<\/p>\n<h2>Seguran\u00e7a<\/h2>\n<p>Pessoalmente Identific\u00e1veis para que elas n\u00e3o sejam divulgadas ou acessadas por terceiros. No entanto, nenhum m\u00e9todo de transmiss\u00e3o ou armazenamento eletr\u00f4nicos \u00e9 100% seguro. Por favor, \u00e9 importante deixar claro que n\u00f3s n\u00e3o garantimos a seguran\u00e7a de suas Informa\u00e7\u00f5es Pessoalmente Identific\u00e1veis, e que existe o risco de um terceiro n\u00e3o autorizado achar um jeito de burlar nossos sistemas de seguran\u00e7a, ou de a transmiss\u00e3o de suas informa\u00e7\u00f5es pela internet serem interceptadas. Qualquer informa\u00e7\u00e3o que voc\u00ea poste em nosso site ou envie para nosso e-mail n\u00e3o \u00e9 segura.<\/p>\n<h2>Links externos<\/h2>\n<p>Para sua comodidade, n\u00f3s podemos oferecer links de sites operados por outras organiza\u00e7\u00f5es (&#8220;Sites de Terceiros&#8221;) que acreditemos ser de seu interesse. N\u00f3s n\u00e3o divulgamos Informa\u00e7\u00f5es Pessoalmente Identific\u00e1veis a terceiros sem o seu consentimento. N\u00f3s n\u00e3o apoiamos e n\u00e3o somos respons\u00e1veis pelas pr\u00e1ticas de privacidade desses Sites de Terceiros. Caso voc\u00ea opte por clicar em um link de algum desses Sites de Terceiros, deve analisar as pol\u00edticas de privacidade publicadas no outro site para entender como ele coleta e usa suas Informa\u00e7\u00f5es Pessoalmente Identific\u00e1veis.<\/p>\n<h2>Atualiza\u00e7\u00e3o ou Exclus\u00e3o de suas Informa\u00e7\u00f5es Pessoalmente Identific\u00e1veis<\/h2>\n<p>Voc\u00ea pode atualizar ou deletar suas Informa\u00e7\u00f5es Pessoalmente Identific\u00e1veis logando no site e entrando na p\u00e1gina de sua conta de usu\u00e1rio. No entanto, tenha em mente que haver\u00e1 informa\u00e7\u00f5es residuais que permanecer\u00e3o em nossos bancos de dados, registros de acesso e outros registros, que podem ou n\u00e3o conter suas Informa\u00e7\u00f5es Pessoalmente Identific\u00e1veis.<\/p>\n<h2>Direitos de Exclus\u00e3o<\/h2>\n<p>Caso voc\u00ea n\u00e3o deseje que lhe enviemos outros avisos ou informa\u00e7\u00f5es no futuro, voc\u00ea pode optar por se &#8220;descadastrar&#8221; seguindo as instru\u00e7\u00f5es para &#8220;descadastramento&#8221; em qualquer comunicado que receba de n\u00f3s. Por favor, esteja ciente de que voc\u00ea n\u00e3o poder\u00e1 deixar de receber informa\u00e7\u00f5es sobre sua conta ou transa\u00e7\u00f5es conosco.<\/p>\n<h2>Altera\u00e7\u00f5es em Nossa Pol\u00edtica de Privacidade<\/h2>\n<p>\u00c9 importante deixar claro que n\u00f3s revisamos nossas pol\u00edticas de privacidade periodicamente, e que essas pr\u00e1ticas est\u00e3o sujeitas a mudan\u00e7as. Qualquer altera\u00e7\u00e3o, atualiza\u00e7\u00e3o, ou modifica\u00e7\u00e3o entrar\u00e1 em vigor imediatamente ap\u00f3s a publica\u00e7\u00e3o no site. Iremos notific\u00e1-lo sobre qualquer mudan\u00e7a material a essa Pol\u00edtica de Privacidade por meio de um comunicado na homepage de nosso site, que ficar\u00e1 no ar por um per\u00edodo razo\u00e1vel ap\u00f3s sua publica\u00e7\u00e3o, e por meio da modifica\u00e7\u00e3o da data de in\u00edcio da vig\u00eancia (localizada ao final desta Pol\u00edtica). N\u00e3o esque\u00e7a de retornar a essa p\u00e1gina periodicamente para tomar conhecimento da vers\u00e3o mais atualizada dessa Pol\u00edtica de Privacidade.<\/p>\n<p><strong>Data de Vig\u00eancia: 14 de junho de 2014<\/strong><\/p>\n","protected":false},"excerpt":{"rendered":"<p>N\u00f3s respeitamos sua privacidade, envidaremos todos os esfor\u00e7os para manter o sigilo de suas informa\u00e7\u00f5es pessoalmente identific\u00e1veis, e n\u00e3o as compartilharemos com terceiros, salvo especifica\u00e7\u00e3o contr\u00e1ria presente na Pol\u00edtica de [&hellip;]<\/p>\n","protected":false},"author":2,"featured_media":0,"parent":0,"menu_order":0,"comment_status":"closed","ping_status":"closed","template":"","meta":{"_acf_changed":false,"_bbp_topic_count":0,"_bbp_reply_count":0,"_bbp_total_topic_count":0,"_bbp_total_reply_count":0,"_bbp_voice_count":0,"_bbp_anonymous_reply_count":0,"_bbp_topic_count_hidden":0,"_bbp_reply_count_hidden":0,"_bbp_forum_subforum_count":0,"footnotes":"","_links_to":"","_links_to_target":""},"class_list":["post-112864","page","type-page","status-publish","hentry"],"featured_image":null,"acf":[],"yoast_head":"<!-- This site is optimized with the Yoast SEO Premium plugin v15.8.2 - https:\/\/yoast.com\/wordpress\/plugins\/seo\/ -->\n<meta name=\"robots\" content=\"index, follow, max-snippet:-1, max-image-preview:large, max-video-preview:-1\" \/>\n<link rel=\"canonical\" href=\"https:\/\/www.youcubed.org\/pt-br\/nota-de-privacidade\/\" \/>\n<meta property=\"og:locale\" content=\"pt_BR\" \/>\n<meta property=\"og:type\" content=\"article\" \/>\n<meta property=\"og:title\" content=\"Nota de Privacidade - YouCubed\" \/>\n<meta property=\"og:description\" content=\"N\u00f3s respeitamos sua privacidade, envidaremos todos os esfor\u00e7os para manter o sigilo de suas informa\u00e7\u00f5es pessoalmente identific\u00e1veis, e n\u00e3o as compartilharemos com terceiros, salvo especifica\u00e7\u00e3o contr\u00e1ria presente na Pol\u00edtica de [&hellip;]\" \/>\n<meta property=\"og:url\" content=\"https:\/\/www.youcubed.org\/pt-br\/nota-de-privacidade\/\" \/>\n<meta property=\"og:site_name\" content=\"YouCubed\" \/>\n<meta property=\"article:modified_time\" content=\"2019-05-24T19:14:49+00:00\" \/>\n<meta property=\"og:image\" content=\"https:\/\/www.youcubed.org\/wp-content\/uploads\/2018\/08\/youcubed-logo-with-TM-Computer-Courage.png\" \/>\n\t<meta property=\"og:image:width\" content=\"936\" \/>\n\t<meta property=\"og:image:height\" content=\"243\" \/>\n<meta name=\"twitter:card\" content=\"summary_large_image\" \/>\n<meta name=\"twitter:label1\" content=\"Est. tempo de leitura\">\n\t<meta name=\"twitter:data1\" content=\"13 minutos\">\n<script type=\"application\/ld+json\" class=\"yoast-schema-graph\">{\"@context\":\"https:\/\/schema.org\",\"@graph\":[{\"@type\":\"WebSite\",\"@id\":\"https:\/\/www.youcubed.org\/pt-br\/#website\",\"url\":\"https:\/\/www.youcubed.org\/pt-br\/\",\"name\":\"YouCubed\",\"description\":\"Inspire ALL Students with Open, Creative Mindset Mathematics\",\"potentialAction\":[{\"@type\":\"SearchAction\",\"target\":\"https:\/\/www.youcubed.org\/pt-br\/?s={search_term_string}\",\"query-input\":\"required name=search_term_string\"}],\"inLanguage\":\"pt-BR\"},{\"@type\":\"WebPage\",\"@id\":\"https:\/\/www.youcubed.org\/pt-br\/nota-de-privacidade\/#webpage\",\"url\":\"https:\/\/www.youcubed.org\/pt-br\/nota-de-privacidade\/\",\"name\":\"Nota de Privacidade - YouCubed\",\"isPartOf\":{\"@id\":\"https:\/\/www.youcubed.org\/pt-br\/#website\"},\"datePublished\":\"2017-03-15T21:41:14+00:00\",\"dateModified\":\"2019-05-24T19:14:49+00:00\",\"breadcrumb\":{\"@id\":\"https:\/\/www.youcubed.org\/pt-br\/nota-de-privacidade\/#breadcrumb\"},\"inLanguage\":\"pt-BR\",\"potentialAction\":[{\"@type\":\"ReadAction\",\"target\":[\"https:\/\/www.youcubed.org\/pt-br\/nota-de-privacidade\/\"]}]},{\"@type\":\"BreadcrumbList\",\"@id\":\"https:\/\/www.youcubed.org\/pt-br\/nota-de-privacidade\/#breadcrumb\",\"itemListElement\":[{\"@type\":\"ListItem\",\"position\":1,\"item\":{\"@type\":\"WebPage\",\"@id\":\"https:\/\/www.youcubed.org\/pt-br\/\",\"url\":\"https:\/\/www.youcubed.org\/pt-br\/\",\"name\":\"Home\"}},{\"@type\":\"ListItem\",\"position\":2,\"item\":{\"@type\":\"WebPage\",\"@id\":\"https:\/\/www.youcubed.org\/pt-br\/nota-de-privacidade\/\",\"url\":\"https:\/\/www.youcubed.org\/pt-br\/nota-de-privacidade\/\",\"name\":\"Nota de Privacidade\"}}]}]}<\/script>\n<!-- \/ Yoast SEO Premium plugin. -->","_links":{"self":[{"href":"https:\/\/www.youcubed.org\/pt-br\/wp-json\/wp\/v2\/pages\/112864","targetHints":{"allow":["GET"]}}],"collection":[{"href":"https:\/\/www.youcubed.org\/pt-br\/wp-json\/wp\/v2\/pages"}],"about":[{"href":"https:\/\/www.youcubed.org\/pt-br\/wp-json\/wp\/v2\/types\/page"}],"author":[{"embeddable":true,"href":"https:\/\/www.youcubed.org\/pt-br\/wp-json\/wp\/v2\/users\/2"}],"replies":[{"embeddable":true,"href":"https:\/\/www.youcubed.org\/pt-br\/wp-json\/wp\/v2\/comments?post=112864"}],"version-history":[{"count":0,"href":"https:\/\/www.youcubed.org\/pt-br\/wp-json\/wp\/v2\/pages\/112864\/revisions"}],"wp:attachment":[{"href":"https:\/\/www.youcubed.org\/pt-br\/wp-json\/wp\/v2\/media?parent=112864"}],"curies":[{"name":"wp","href":"https:\/\/api.w.org\/{rel}","templated":true}]}}