{"id":112863,"date":"2017-03-15T14:36:47","date_gmt":"2017-03-15T21:36:47","guid":{"rendered":"https:\/\/youcubed2stg.wpengine.com\/terms-of-use\/"},"modified":"2019-05-24T12:14:43","modified_gmt":"2019-05-24T19:14:43","slug":"termos-de-uso","status":"publish","type":"page","link":"https:\/\/www.youcubed.org\/pt-br\/termos-de-uso\/","title":{"rendered":"Termos de uso"},"content":{"rendered":"<p>Ao usar este site e participar dele, voc\u00ea indica que leu estes termos e concordou em segui-los e respeit\u00e1-los. Se voc\u00ea n\u00e3o concorda com estes termos, por favor, deixe imediatamente de acessar este site. Reservamo-nos o direito de modificar estes termos a qualquer momento, e faremos um an\u00fancio online, ou em outros meios virtuais, sobre quaisquer modifica\u00e7\u00f5es efetuadas. Ao continuar a acessar o site ap\u00f3s a publica\u00e7\u00e3o da notifica\u00e7\u00e3o, voc\u00ea indica que concorda em respeit\u00e1-las.<\/p>\n<h2>Advert\u00eancia<\/h2>\n<p>Este site n\u00e3o oferece orienta\u00e7\u00e3o educacional individualizada. O usu\u00e1rio destas informa\u00e7\u00f5es deve usar o conte\u00fado e os materiais deste site como orienta\u00e7\u00e3o geral. Os exemplos de resultados neste site n\u00e3o s\u00e3o destinados a transmitir e garantir, de forma expressa ou impl\u00edcita, no tocante a resultados, promessas ou vantagens para esta abordagem de ensino.<\/p>\n<h2>Permiss\u00e3o para Uso de Materiais<\/h2>\n<p>Dada a sua aceita\u00e7\u00e3o dos termos e condi\u00e7\u00f5es contidos aqui, o youcubed lhe concede uma licen\u00e7a pessoal, n\u00e3o exclusiva, e n\u00e3o transfer\u00edvel para acessar e usar o site. O usu\u00e1rio pode baixar materiais do site apenas para seu pr\u00f3prio uso pessoal e n\u00e3o comercial. Nas demais circunst\u00e2ncias, o usu\u00e1rio n\u00e3o deve copiar, reproduzir, retransmitir, distribuir, publicar, explorar comercialmente ou transferir qualquer material. O \u00f4nus de determinar que o uso de qualquer informa\u00e7\u00e3o, software ou qualquer outro conte\u00fado do site \u00e9 permiss\u00edvel recai sobre o usu\u00e1rio.<\/p>\n<h2>Links para outros Sites<\/h2>\n<p>Este site pode incluir hiperlinks a sites mantidos ou controlados por terceiros. N\u00e3o somos respons\u00e1veis pelos conte\u00fados ou uso de quaisquer produtos ou servi\u00e7os que possam ser oferecidos nesses sites, e tampouco os examinamos, aprovamos, revisamos ou apoiamos.<\/p>\n<h2>Direito Aplic\u00e1vel\/Elei\u00e7\u00e3o de Foro<\/h2>\n<p>Voc\u00ea concorda que qualquer lide decorrente destes termos, ou relacionado a eles, estar\u00e1 sujeito \u00e0s leis do estado da Calif\u00f3rnia, exceto nos casos em que se produza conflito com as disposi\u00e7\u00f5es legais. Al\u00e9m disso, voc\u00ea aceita a compet\u00eancia rationae personae, e foro exclusivo, das cortes federais e estaduais localizadas no Condado de Santa Clara, Calif\u00f3rnia, como foro legal de qualquer lit\u00edgio dessa natureza.<\/p>\n<h2>Exclus\u00e3o de Garantia\/Limita\u00e7\u00e3o de Responsabilidade<\/h2>\n<p><em>THIS SITE AND ANY INFORMATION, PRODUCTS OR SERVICES THEREIN ARE PROVIDED \u201cAS IS\u201d WITHOUT WARRANTY OF ANY KIND, EITHER EXPRESS OR IMPLIED, INCLUDING WITHOUT LIMITATION, THE IMPLIED WARRANTIES OF MERCHANTABILITY, FITNESS FOR USE OF A PARTICULAR PURPOSE, OR NONINFRINGEMENT.<\/em><\/p>\n<p><em>We do not warrant, and hereby disclaim any warranties, either express or implied, with respect to the accuracy, adequacy or completeness of this site, information obtained from this site, or link to any other sites. We do not warrant that this site will operate in an uninterrupted or error-free manner or that this site is free of viruses or other harmful components. Use of information obtained from or through this site is at your own risk.<\/em><\/p>\n<p><em>YOU AGREE THAT WE WILL NOT BE LIABLE TO YOU FOR ANY LOSS OR DAMAGES, EITHER ACTUAL OR CONSEQUENTIAL, ARISING OUT OF OR RELATING TO THESE TERMS, OR TO YOUR (OR ANY THIRD PARTY\u2019S) USE OR INABILITY TO USE OUR SITE, OR TO YOUR PLACEMENT OF CONTENT ON OUR SITE, OR TO YOUR RELIANCE UPON INFORMATION OBTAINED FROM OR THROUGH A SITE. IN PARTICULAR, WE WILL HAVE NO LIABILITY FOR ANY CONSEQUENTIAL, INDIRECT, PUNITIVE, SPECIAL OR INCIDENTAL DAMAGES, WHETHER FORESEEABLE OR UNFORESEEABLE, (INCLUDING, BUT NOT LIMITED TO, CLAIMS FOR DEFAMATION, ERRORS, LOSS OF DATA, OR INTERRUPTION IN AVAILABILITY OF DATA), ARISING OUT OF OR RELATING TO THESE TERMS, YOUR USE OR INABILITY TO USE OUR SITE, OR ANY PURCHASES ON THIS SITE, OR YOUR PLACEMENT OF CONTENT ON OUR SITE, OR TO YOUR RELIANCE UPON INFORMATION OBTAINED FROM OR THROUGH OUR SITE, WHETHER BASED IN CONTRACT, TORT, STATUTORY OR OTHER LAW, EXCEPT ONLY IN THE CASE OF DEATH OR PERSONAL INJURY WHERE AND ONLY TO THE EXTENT THAT APPLICABLE LAW REQUIRES SUCH LIABILITY.<\/em><\/p>\n<p><em>We make no representation regarding your ability to transmit and receive information from or through the site and you agree and acknowledge that your ability to access this site may be impaired. We disclaim any and all liability resulting from or related to such events.<\/em><\/p>\n<h2>Marcas<\/h2>\n<p>O logotipo, nome e todos os gr\u00e1ficos no site s\u00e3o marcas comerciais da Universidade de Stanford, de suas afiliadas, ou do youcubed. \u00c9 proibida a utiliza\u00e7\u00e3o, reprodu\u00e7\u00e3o, c\u00f3pia ou redistribui\u00e7\u00e3o das marcas sem permiss\u00e3o por escrito. Todas as outras marcas registradas ou marcas de servi\u00e7os que aparecem neste site pertencem a seus respectivos propriet\u00e1rios.<\/p>\n<h2>Indeniza\u00e7\u00e3o<\/h2>\n<p>Voc\u00ea concorda em nos indenizar e isentar de quaisquer queixas, perdas ou danos, incluindo honor\u00e1rios de servi\u00e7os jur\u00eddicos, resultantes de sua viola\u00e7\u00e3o destes termos e uso do site, e a cooperar plenamente com nossa defesa contra quaisquer queixas dessa natureza.<\/p>\n<h2>Sua Conta<\/h2>\n<p>Ao usar este site, voc\u00ea \u00e9 respons\u00e1vel por manter a confidencialidade de sua conta e senha, caso os tenha, e a restringir o acesso a seu computador, e voc\u00ea concorda em assumir a responsabilidade por todas as atividades que ocorrerem sob sua conta e senha. Se voc\u00ea \u00e9 menor de 18 anos, s\u00f3 poder\u00e1 adquirir produtos ou servi\u00e7os atrav\u00e9s de m\u00e3e\/pai ou respons\u00e1vel. Voc\u00ea concorda que os dados de cobran\u00e7a e as informa\u00e7\u00f5es de inscri\u00e7\u00e3o que voc\u00ea fornece neste site ser\u00e3o precisos e completos. N\u00f3s lhe reservamos o direito de recusar servi\u00e7os, fechar contas, remover ou editar conte\u00fados, ou cancelar pedidos a seu exclusivo crit\u00e9rio.<\/p>\n<h2>Outros<\/h2>\n<p>O site pode conter erros e omiss\u00f5es relativos \u00e0 descri\u00e7\u00e3o de produtos, pre\u00e7os e disponibilidade. N\u00f3s nos reservamos o direito de corrigir erros ou omiss\u00f5es sem aviso pr\u00e9vio. Tamb\u00e9m nos reservamos o direito de cancelar qualquer oferta de produto ou servi\u00e7o em caso de erro ou omiss\u00e3o na descri\u00e7\u00e3o, incluindo pre\u00e7o, indisponibilidade, ou outra raz\u00e3o.<\/p>\n<h2>Disposi\u00e7\u00f5es Gerais<\/h2>\n<p>Estes termos constituem todo o acordo entre voc\u00ea e o youcubed, a Universidade de Stanford e suas afiliadas, com rela\u00e7\u00e3o ao assunto aqui tratado, e substituem quaisquer acordos anteriores ou contempor\u00e2neos orais ou escritos.<\/p>\n<h2>Reclama\u00e7\u00f5es de direitos autorais<\/h2>\n<p>N\u00f3s respeitamos os direitos de propriedade intelectual de terceiros. Se voc\u00ea acredita que seus direitos autorais foram violados neste site, entre em contato conosco.<\/p>\n","protected":false},"excerpt":{"rendered":"<p>Ao usar este site e participar dele, voc\u00ea indica que leu estes termos e concordou em segui-los e respeit\u00e1-los. Se voc\u00ea n\u00e3o concorda com estes termos, por favor, deixe imediatamente [&hellip;]<\/p>\n","protected":false},"author":2,"featured_media":0,"parent":0,"menu_order":0,"comment_status":"closed","ping_status":"closed","template":"","meta":{"_acf_changed":false,"_bbp_topic_count":0,"_bbp_reply_count":0,"_bbp_total_topic_count":0,"_bbp_total_reply_count":0,"_bbp_voice_count":0,"_bbp_anonymous_reply_count":0,"_bbp_topic_count_hidden":0,"_bbp_reply_count_hidden":0,"_bbp_forum_subforum_count":0,"footnotes":"","_links_to":"","_links_to_target":""},"class_list":["post-112863","page","type-page","status-publish","hentry"],"featured_image":null,"acf":[],"yoast_head":"<!-- This site is optimized with the Yoast SEO Premium plugin v15.8.2 - https:\/\/yoast.com\/wordpress\/plugins\/seo\/ -->\n<meta name=\"robots\" content=\"index, follow, max-snippet:-1, max-image-preview:large, max-video-preview:-1\" \/>\n<link rel=\"canonical\" href=\"https:\/\/www.youcubed.org\/pt-br\/termos-de-uso\/\" \/>\n<meta property=\"og:locale\" content=\"pt_BR\" \/>\n<meta property=\"og:type\" content=\"article\" \/>\n<meta property=\"og:title\" content=\"Termos de uso - YouCubed\" \/>\n<meta property=\"og:description\" content=\"Ao usar este site e participar dele, voc\u00ea indica que leu estes termos e concordou em segui-los e respeit\u00e1-los. Se voc\u00ea n\u00e3o concorda com estes termos, por favor, deixe imediatamente [&hellip;]\" \/>\n<meta property=\"og:url\" content=\"https:\/\/www.youcubed.org\/pt-br\/termos-de-uso\/\" \/>\n<meta property=\"og:site_name\" content=\"YouCubed\" \/>\n<meta property=\"article:modified_time\" content=\"2019-05-24T19:14:43+00:00\" \/>\n<meta property=\"og:image\" content=\"https:\/\/www.youcubed.org\/wp-content\/uploads\/2018\/08\/youcubed-logo-with-TM-Computer-Courage.png\" \/>\n\t<meta property=\"og:image:width\" content=\"936\" \/>\n\t<meta property=\"og:image:height\" content=\"243\" \/>\n<meta name=\"twitter:card\" content=\"summary_large_image\" \/>\n<meta name=\"twitter:label1\" content=\"Est. tempo de leitura\">\n\t<meta name=\"twitter:data1\" content=\"5 minutos\">\n<script type=\"application\/ld+json\" class=\"yoast-schema-graph\">{\"@context\":\"https:\/\/schema.org\",\"@graph\":[{\"@type\":\"WebSite\",\"@id\":\"https:\/\/www.youcubed.org\/pt-br\/#website\",\"url\":\"https:\/\/www.youcubed.org\/pt-br\/\",\"name\":\"YouCubed\",\"description\":\"Inspire ALL Students with Open, Creative Mindset Mathematics\",\"potentialAction\":[{\"@type\":\"SearchAction\",\"target\":\"https:\/\/www.youcubed.org\/pt-br\/?s={search_term_string}\",\"query-input\":\"required name=search_term_string\"}],\"inLanguage\":\"pt-BR\"},{\"@type\":\"WebPage\",\"@id\":\"https:\/\/www.youcubed.org\/pt-br\/termos-de-uso\/#webpage\",\"url\":\"https:\/\/www.youcubed.org\/pt-br\/termos-de-uso\/\",\"name\":\"Termos de uso - YouCubed\",\"isPartOf\":{\"@id\":\"https:\/\/www.youcubed.org\/pt-br\/#website\"},\"datePublished\":\"2017-03-15T21:36:47+00:00\",\"dateModified\":\"2019-05-24T19:14:43+00:00\",\"breadcrumb\":{\"@id\":\"https:\/\/www.youcubed.org\/pt-br\/termos-de-uso\/#breadcrumb\"},\"inLanguage\":\"pt-BR\",\"potentialAction\":[{\"@type\":\"ReadAction\",\"target\":[\"https:\/\/www.youcubed.org\/pt-br\/termos-de-uso\/\"]}]},{\"@type\":\"BreadcrumbList\",\"@id\":\"https:\/\/www.youcubed.org\/pt-br\/termos-de-uso\/#breadcrumb\",\"itemListElement\":[{\"@type\":\"ListItem\",\"position\":1,\"item\":{\"@type\":\"WebPage\",\"@id\":\"https:\/\/www.youcubed.org\/pt-br\/\",\"url\":\"https:\/\/www.youcubed.org\/pt-br\/\",\"name\":\"Home\"}},{\"@type\":\"ListItem\",\"position\":2,\"item\":{\"@type\":\"WebPage\",\"@id\":\"https:\/\/www.youcubed.org\/pt-br\/termos-de-uso\/\",\"url\":\"https:\/\/www.youcubed.org\/pt-br\/termos-de-uso\/\",\"name\":\"Termos de uso\"}}]}]}<\/script>\n<!-- \/ Yoast SEO Premium plugin. -->","_links":{"self":[{"href":"https:\/\/www.youcubed.org\/pt-br\/wp-json\/wp\/v2\/pages\/112863","targetHints":{"allow":["GET"]}}],"collection":[{"href":"https:\/\/www.youcubed.org\/pt-br\/wp-json\/wp\/v2\/pages"}],"about":[{"href":"https:\/\/www.youcubed.org\/pt-br\/wp-json\/wp\/v2\/types\/page"}],"author":[{"embeddable":true,"href":"https:\/\/www.youcubed.org\/pt-br\/wp-json\/wp\/v2\/users\/2"}],"replies":[{"embeddable":true,"href":"https:\/\/www.youcubed.org\/pt-br\/wp-json\/wp\/v2\/comments?post=112863"}],"version-history":[{"count":0,"href":"https:\/\/www.youcubed.org\/pt-br\/wp-json\/wp\/v2\/pages\/112863\/revisions"}],"wp:attachment":[{"href":"https:\/\/www.youcubed.org\/pt-br\/wp-json\/wp\/v2\/media?parent=112863"}],"curies":[{"name":"wp","href":"https:\/\/api.w.org\/{rel}","templated":true}]}}