{"id":112857,"date":"2017-03-15T13:29:01","date_gmt":"2017-03-15T20:29:01","guid":{"rendered":"https:\/\/youcubed2stg.wpengine.com\/our-mission\/"},"modified":"2020-01-15T10:09:15","modified_gmt":"2020-01-15T18:09:15","slug":"missao","status":"publish","type":"page","link":"https:\/\/www.youcubed.org\/pt-br\/missao\/","title":{"rendered":"Nossa Miss\u00e3o"},"content":{"rendered":"<p><strong>Incentivar todos os alunos a ter um bom desempenho em matem\u00e1tica por meio das Mentalidades de Crescimento e do ensino inovador<\/strong><\/p>\n<p>Nosso objetivo principal \u00e9 incentivar, formar e empoderar os professores de matem\u00e1tica, transformando as \u00faltimas pesquisas sobre o aprendizado da disciplina em conte\u00fados pr\u00e1ticos e acess\u00edveis.<\/p>\n<p>As pesquisas nos mostram como oferecer um ensino de qualidade e obter um alto n\u00edvel de engajamento e aproveitamento dos alunos. Contudo, tais pesquisas n\u00e3o estavam acess\u00edveis aos professores. Todo aluno pode aprender conte\u00fados de alta complexidade e o ensino baseado nesses princ\u00edpios melhora de forma radical o seu desempenho em matem\u00e1tica. A necessidade de tornar essas pesquisas acess\u00edveis a uma ampla gama de pessoas \u00e9, particularmente, urgente, pois os novos estudos sobre o c\u00e9rebro e o aprendizado est\u00e3o fornecendo importantes <em>insights <\/em>sobre o aprendizado de matem\u00e1tica.<\/p>\n<p>A matem\u00e1tica \u00e9, muitas vezes, o motivo que leva os alunos a se afastar das \u00e1reas STEM (Ci\u00eancias, Tecnologia, Engenharia e Matem\u00e1tica) e isso \u00e9 ainda mais acentuado quando levamos em considera\u00e7\u00e3o g\u00eanero e ra\u00e7a. Queremos mudar essa realidade divulgando as fontes da desigualdade na matem\u00e1tica dos EUA e ensinando os m\u00e9todos de sala de aula necess\u00e1rios para o aprendizado do s\u00e9culo XXI. Ao fornecermos pesquisas baseadas em m\u00e9todos de ensino, tarefas matem\u00e1ticas, v\u00eddeos e ideias, almejamos reduzir de forma significativa as repet\u00eancias e disparidades na matem\u00e1tica nos EUA e em outros lugares do mundo, estimulando professores e empoderando todos os alunos para que tenham um bom desempenho.<\/p>\n<p>&nbsp;<\/p>\n<p><iframe loading=\"lazy\" title=\"Our mission (PT-BR)\" src=\"https:\/\/player.vimeo.com\/video\/265194803?dnt=1&amp;app_id=122963\" width=\"500\" height=\"281\" frameborder=\"0\" allow=\"autoplay; fullscreen; picture-in-picture; clipboard-write\"><\/iframe><\/p>\n<h2>A necessidade<\/h2>\n<p>\u2022 Mau desempenho generalizado em matem\u00e1tica &#8211; 65% dos alunos de escolas e universidades nos EUA t\u00eam resultados insatisfat\u00f3rios.<br \/>\n\u2022 Graves desigualdades de g\u00eanero e ra\u00e7a.<br \/>\n\u2022 Decl\u00ednio do interesse em Matem\u00e1tica &#8211; menos de 2% dos rec\u00e9m-graduados est\u00e3o se formando na disciplina.<br \/>\n\u2022 Grande necessidade de alfabetiza\u00e7\u00e3o quantitativa na sociedade e no mercado de trabalho.<br \/>\n\u2022 Vasta disparidade entre o que as pesquisas mostram e o que ocorre nas salas de aula.<br \/>\n\u2022 N\u00e3o h\u00e1 abordagens que transformem as evid\u00eancias das pesquisas em formas pr\u00e1ticas para professores.<\/p>\n","protected":false},"excerpt":{"rendered":"<p>Incentivar todos os alunos a ter um bom desempenho em matem\u00e1tica por meio das Mentalidades de Crescimento e do ensino inovador Nosso objetivo principal \u00e9 incentivar, formar e empoderar os [&hellip;]<\/p>\n","protected":false},"author":2,"featured_media":0,"parent":0,"menu_order":0,"comment_status":"closed","ping_status":"closed","template":"","meta":{"_acf_changed":false,"_bbp_topic_count":0,"_bbp_reply_count":0,"_bbp_total_topic_count":0,"_bbp_total_reply_count":0,"_bbp_voice_count":0,"_bbp_anonymous_reply_count":0,"_bbp_topic_count_hidden":0,"_bbp_reply_count_hidden":0,"_bbp_forum_subforum_count":0,"footnotes":"","_links_to":"","_links_to_target":""},"class_list":["post-112857","page","type-page","status-publish","hentry"],"featured_image":null,"acf":[],"yoast_head":"<!-- This site is optimized with the Yoast SEO Premium plugin v15.8.2 - https:\/\/yoast.com\/wordpress\/plugins\/seo\/ -->\n<meta name=\"robots\" content=\"index, follow, max-snippet:-1, max-image-preview:large, max-video-preview:-1\" \/>\n<link rel=\"canonical\" href=\"https:\/\/www.youcubed.org\/pt-br\/missao\/\" \/>\n<meta property=\"og:locale\" content=\"pt_BR\" \/>\n<meta property=\"og:type\" content=\"article\" \/>\n<meta property=\"og:title\" content=\"Nossa Miss\u00e3o - YouCubed\" \/>\n<meta property=\"og:description\" content=\"Incentivar todos os alunos a ter um bom desempenho em matem\u00e1tica por meio das Mentalidades de Crescimento e do ensino inovador Nosso objetivo principal \u00e9 incentivar, formar e empoderar os [&hellip;]\" \/>\n<meta property=\"og:url\" content=\"https:\/\/www.youcubed.org\/pt-br\/missao\/\" \/>\n<meta property=\"og:site_name\" content=\"YouCubed\" \/>\n<meta property=\"article:modified_time\" content=\"2020-01-15T18:09:15+00:00\" \/>\n<meta property=\"og:image\" content=\"https:\/\/www.youcubed.org\/wp-content\/uploads\/2018\/08\/youcubed-logo-with-TM-Computer-Courage.png\" \/>\n\t<meta property=\"og:image:width\" content=\"936\" \/>\n\t<meta property=\"og:image:height\" content=\"243\" \/>\n<meta name=\"twitter:card\" content=\"summary_large_image\" \/>\n<meta name=\"twitter:label1\" content=\"Est. tempo de leitura\">\n\t<meta name=\"twitter:data1\" content=\"2 minutos\">\n<script type=\"application\/ld+json\" class=\"yoast-schema-graph\">{\"@context\":\"https:\/\/schema.org\",\"@graph\":[{\"@type\":\"WebSite\",\"@id\":\"https:\/\/www.youcubed.org\/pt-br\/#website\",\"url\":\"https:\/\/www.youcubed.org\/pt-br\/\",\"name\":\"YouCubed\",\"description\":\"Inspire ALL Students with Open, Creative Mindset Mathematics\",\"potentialAction\":[{\"@type\":\"SearchAction\",\"target\":\"https:\/\/www.youcubed.org\/pt-br\/?s={search_term_string}\",\"query-input\":\"required name=search_term_string\"}],\"inLanguage\":\"pt-BR\"},{\"@type\":\"WebPage\",\"@id\":\"https:\/\/www.youcubed.org\/pt-br\/missao\/#webpage\",\"url\":\"https:\/\/www.youcubed.org\/pt-br\/missao\/\",\"name\":\"Nossa Miss\\u00e3o - YouCubed\",\"isPartOf\":{\"@id\":\"https:\/\/www.youcubed.org\/pt-br\/#website\"},\"datePublished\":\"2017-03-15T20:29:01+00:00\",\"dateModified\":\"2020-01-15T18:09:15+00:00\",\"breadcrumb\":{\"@id\":\"https:\/\/www.youcubed.org\/pt-br\/missao\/#breadcrumb\"},\"inLanguage\":\"pt-BR\",\"potentialAction\":[{\"@type\":\"ReadAction\",\"target\":[\"https:\/\/www.youcubed.org\/pt-br\/missao\/\"]}]},{\"@type\":\"BreadcrumbList\",\"@id\":\"https:\/\/www.youcubed.org\/pt-br\/missao\/#breadcrumb\",\"itemListElement\":[{\"@type\":\"ListItem\",\"position\":1,\"item\":{\"@type\":\"WebPage\",\"@id\":\"https:\/\/www.youcubed.org\/pt-br\/\",\"url\":\"https:\/\/www.youcubed.org\/pt-br\/\",\"name\":\"Home\"}},{\"@type\":\"ListItem\",\"position\":2,\"item\":{\"@type\":\"WebPage\",\"@id\":\"https:\/\/www.youcubed.org\/pt-br\/missao\/\",\"url\":\"https:\/\/www.youcubed.org\/pt-br\/missao\/\",\"name\":\"Nossa Miss\\u00e3o\"}}]}]}<\/script>\n<!-- \/ Yoast SEO Premium plugin. -->","_links":{"self":[{"href":"https:\/\/www.youcubed.org\/pt-br\/wp-json\/wp\/v2\/pages\/112857","targetHints":{"allow":["GET"]}}],"collection":[{"href":"https:\/\/www.youcubed.org\/pt-br\/wp-json\/wp\/v2\/pages"}],"about":[{"href":"https:\/\/www.youcubed.org\/pt-br\/wp-json\/wp\/v2\/types\/page"}],"author":[{"embeddable":true,"href":"https:\/\/www.youcubed.org\/pt-br\/wp-json\/wp\/v2\/users\/2"}],"replies":[{"embeddable":true,"href":"https:\/\/www.youcubed.org\/pt-br\/wp-json\/wp\/v2\/comments?post=112857"}],"version-history":[{"count":0,"href":"https:\/\/www.youcubed.org\/pt-br\/wp-json\/wp\/v2\/pages\/112857\/revisions"}],"wp:attachment":[{"href":"https:\/\/www.youcubed.org\/pt-br\/wp-json\/wp\/v2\/media?parent=112857"}],"curies":[{"name":"wp","href":"https:\/\/api.w.org\/{rel}","templated":true}]}}